{"id":875,"date":"2023-08-18T15:13:05","date_gmt":"2023-08-18T15:13:05","guid":{"rendered":"https:\/\/www.geonautit.fi\/?page_id=875"},"modified":"2024-09-04T09:17:07","modified_gmt":"2024-09-04T09:17:07","slug":"geohelppi","status":"publish","type":"page","link":"https:\/\/geonautit.fi\/en\/geohelppi\/","title":{"rendered":"Geohelp"},"content":{"rendered":"<p>UrbanHEL-tapahtumassa oli geohelppi piste, jossa tarjottiin neuvoja erilaisiin tyypillisiin ongelmiin, joita saattaa tulla vastaan eri sovellusten ja adventure labien sek\u00e4 wherigoiden kanssa.<\/p>\n\n\n\n<p>We have instructions for some common issues \/ questions related for geocaching related applications (Cachly,\nGeocaching.com's official mobile application and portal).\nInstructions can also be found for the Adventurelab application and Whereyougo, which is needed to play Wherigo caches.\n\nPlease notice, that instructions are available only in Finnish language. There is a possibility to get help from Geohelp team in Mega-Event also in English from below issues.<\/p>\n\n\n\n<p>You can also check <a href=\"http:\/\/6123tampere.com\/\">6123tampere.com<\/a> geocaching site where there is a lot of information available on geocaching. Mostly in Finnish though.<\/p>\n\n\n\n<h4 class=\"wp-block-heading\"><strong>Instructions for Cachly<\/strong> <strong>(iPhone) <\/strong><\/h4>\n\n\n\n<ul class=\"wp-block-list\">\n<li><a href=\"https:\/\/www.geonautit.fi\/wp-content\/uploads\/2023\/08\/miten-suodatetaan-autokunnan-hakemattomat.pdf\" target=\"_blank\" rel=\"noreferrer noopener\">How to filter caches which are not found by certain group (for example people in the same car) ?<\/a><\/li>\n\n\n\n<li><a href=\"https:\/\/www.geonautit.fi\/wp-content\/uploads\/2023\/08\/miten-maastokartta-asennetaan.pdf\" target=\"_blank\" rel=\"noreferrer noopener\">How to install live large-scale topographical map map?<\/a><\/li>\n\n\n\n<li><a href=\"https:\/\/www.geonautit.fi\/wp-content\/uploads\/2023\/08\/GPX_n-tuonti.pdf\" target=\"_blank\" rel=\"noreferrer noopener\">How to import GPX file to your device?<\/a><\/li>\n<\/ul>\n\n\n\n<h4 class=\"wp-block-heading\"><strong>Geocaching official app (Android\/iPhone)<\/strong><\/h4>\n\n\n\n<ul class=\"wp-block-list\">\n<li><a href=\"https:\/\/www.geonautit.fi\/wp-content\/uploads\/2023\/08\/miten-kirjaudun-sisaan-ja-luon-tunnuksen.pdf\" target=\"_blank\" rel=\"noreferrer noopener\">How to log in to the site and create an account?<\/a><\/li>\n\n\n\n<li><a href=\"https:\/\/www.geonautit.fi\/wp-content\/uploads\/2023\/08\/Katkot-offline-tilaan-lataus.pdf\" target=\"_blank\" rel=\"noreferrer noopener\">How to load caches off-line mode?<\/a><\/li>\n\n\n\n<li><a href=\"https:\/\/www.geonautit.fi\/wp-content\/uploads\/2023\/08\/kartan-valinta-ja-suosikkipisteiden-nakyminen.pdf\" target=\"_blank\" rel=\"noreferrer noopener\">How to select map and see favorite points?<\/a><\/li>\n\n\n\n<li><a href=\"https:\/\/www.geonautit.fi\/wp-content\/uploads\/2023\/08\/filtterin-kaytto.pdf\" target=\"_blank\" rel=\"noreferrer noopener\">How to use filters?<\/a><\/li>\n\n\n\n<li><a href=\"https:\/\/www.geonautit.fi\/wp-content\/uploads\/2023\/08\/Miten-saa-Samsung-internetissa-avatut-katkot-aukeamaan-sovelluksessa.pdf\" target=\"_blank\" rel=\"noreferrer noopener\">Cache opens into browser and not into application - what should I do?<\/a><\/li>\n<\/ul>\n\n\n\n<h4 class=\"wp-block-heading\"><strong>Geocaching.com (browser)<\/strong><\/h4>\n\n\n\n<ul class=\"wp-block-list\">\n<li><a href=\"https:\/\/www.geonautit.fi\/wp-content\/uploads\/2023\/08\/unohdin-salasanani.pdf\" target=\"_blank\" rel=\"noreferrer noopener\">I forgot my password to Geocaching.com - what should I do?<\/a><\/li>\n\n\n\n<li><a href=\"https:\/\/www.geonautit.fi\/wp-content\/uploads\/2023\/08\/en-paase-enaa-kayttamaani-sahkopostiin-kasiksi.pdf\" target=\"_blank\" rel=\"noreferrer noopener\">I can't access my email anymore which was set to my geocaching account - what should I do?<\/a><\/li>\n\n\n\n<li><a href=\"https:\/\/www.geonautit.fi\/wp-content\/uploads\/2023\/08\/sivujen-opastamista.pdf\" target=\"_blank\" rel=\"noreferrer noopener\">Basic instructions how to use site<\/a><\/li>\n\n\n\n<li><a href=\"https:\/\/www.geonautit.fi\/wp-content\/uploads\/2023\/08\/Project-GC-lisaosa-nettisivuille.pdf\" target=\"_blank\" rel=\"noreferrer noopener\">Project-GC add-on to Geocaching.com<\/a><\/li>\n<\/ul>\n\n\n\n<h4 class=\"wp-block-heading\"><strong>Adventure lab app<\/strong><\/h4>\n\n\n\n<ul class=\"wp-block-list\">\n<li><a href=\"https:\/\/www.geonautit.fi\/wp-content\/uploads\/2023\/08\/Miten-sovelluksen-saa-toimimaan.pdf\" target=\"_blank\" rel=\"noreferrer noopener\">How to get started with Adventure lab mobile app?<\/a><\/li>\n<\/ul>\n\n\n\n<h4 class=\"wp-block-heading\"><strong>Whereyougo<\/strong><\/h4>\n\n\n\n<ul class=\"wp-block-list\">\n<li><a href=\"https:\/\/www.geonautit.fi\/wp-content\/uploads\/2023\/08\/miten-kirjaudutaan-sisalle.pdf\" target=\"_blank\" rel=\"noreferrer noopener\">How to log in?<\/a><\/li>\n\n\n\n<li><a href=\"https:\/\/www.geonautit.fi\/wp-content\/uploads\/2023\/08\/Miten-saa-Samsung-internetissa-avatut-wherigot-aukeamaan-sovelluksessa.pdf\" target=\"_blank\" rel=\"noreferrer noopener\">How do I get Wherigos open in whereyougou instead of browser?<\/a><\/li>\n\n\n\n<li><a href=\"https:\/\/www.geonautit.fi\/wp-content\/uploads\/2023\/08\/Kasetin-lataus-onnistuu-mutta-sita-ei-paase-pelaamaan-sovelluksessa.pdf\" target=\"_blank\" rel=\"noreferrer noopener\">Loading cartridge was successful but cannot be played in application -what should I do?<\/a><\/li>\n\n\n\n<li><a href=\"https:\/\/www.geonautit.fi\/wp-content\/uploads\/2023\/08\/Wherigo-kasetti-aukeaa-nettiin-eika-sovellukseen.pdf\" target=\"_blank\" rel=\"noreferrer noopener\">Wherigo cartridge opens into browser and not into application - what should I do?<\/a><\/li>\n\n\n\n<li><a href=\"https:\/\/www.geonautit.fi\/wp-content\/uploads\/2023\/08\/Wherigo.comin-ehtojen-hyvaksyminen.pdf\" target=\"_blank\" rel=\"noreferrer noopener\">Accepting terms and conditions of Wherigo.com<\/a><\/li>\n<\/ul>\n\n\n\n<p class=\"arial-style has-ast-global-color-6-color has-text-color\">10. You are travelling to other side of the world from UrbanHEL Mega-Event. Which are the antipode coordinates you arrive?<\/p>","protected":false},"excerpt":{"rendered":"<p>UrbanHEL-tapahtumassa oli geohelppi piste, jossa tarjottiin neuvoja erilaisiin tyypillisiin ongelmiin, joita saattaa tulla vastaan eri sovellusten ja adventure labien sek\u00e4 wherigoiden kanssa. T\u00e4lle sivulle on koottu yleisimpi\u00e4 geok\u00e4tk\u00f6ilysovelluksiin liittyvien ongelmien ohjeita. Ohjeita l\u00f6ytyy niin Cachlylle, Geocaching.comin viralliselle mobiiliapplikaatiolle ja verkkosivustolle. Ohjeita l\u00f6ytyy my\u00f6s Adventure lab -sovellukselle sek\u00e4 Wherigoiden pelaamiseen tarvittavalle Whereyougo:lle. Kannattaa ehdottomasti tutustua 6123tampere.com [&hellip;]<\/p>","protected":false},"author":10,"featured_media":0,"parent":0,"menu_order":0,"comment_status":"closed","ping_status":"closed","template":"","meta":{"site-sidebar-layout":"default","site-content-layout":"","ast-site-content-layout":"default","site-content-style":"default","site-sidebar-style":"default","ast-global-header-display":"","ast-banner-title-visibility":"","ast-main-header-display":"","ast-hfb-above-header-display":"","ast-hfb-below-header-display":"","ast-hfb-mobile-header-display":"","site-post-title":"","ast-breadcrumbs-content":"","ast-featured-img":"","footer-sml-layout":"","theme-transparent-header-meta":"","adv-header-id-meta":"","stick-header-meta":"","header-above-stick-meta":"","header-main-stick-meta":"","header-below-stick-meta":"","astra-migrate-meta-layouts":"set","ast-page-background-enabled":"default","ast-page-background-meta":{"desktop":{"background-color":"","background-image":"","background-repeat":"repeat","background-position":"center center","background-size":"auto","background-attachment":"scroll","background-type":"","background-media":"","overlay-type":"","overlay-color":"","overlay-opacity":"","overlay-gradient":""},"tablet":{"background-color":"","background-image":"","background-repeat":"repeat","background-position":"center center","background-size":"auto","background-attachment":"scroll","background-type":"","background-media":"","overlay-type":"","overlay-color":"","overlay-opacity":"","overlay-gradient":""},"mobile":{"background-color":"","background-image":"","background-repeat":"repeat","background-position":"center center","background-size":"auto","background-attachment":"scroll","background-type":"","background-media":"","overlay-type":"","overlay-color":"","overlay-opacity":"","overlay-gradient":""}},"ast-content-background-meta":{"desktop":{"background-color":"var(--ast-global-color-5)","background-image":"","background-repeat":"repeat","background-position":"center center","background-size":"auto","background-attachment":"scroll","background-type":"","background-media":"","overlay-type":"","overlay-color":"","overlay-opacity":"","overlay-gradient":""},"tablet":{"background-color":"var(--ast-global-color-5)","background-image":"","background-repeat":"repeat","background-position":"center center","background-size":"auto","background-attachment":"scroll","background-type":"","background-media":"","overlay-type":"","overlay-color":"","overlay-opacity":"","overlay-gradient":""},"mobile":{"background-color":"var(--ast-global-color-5)","background-image":"","background-repeat":"repeat","background-position":"center center","background-size":"auto","background-attachment":"scroll","background-type":"","background-media":"","overlay-type":"","overlay-color":"","overlay-opacity":"","overlay-gradient":""}},"footnotes":""},"class_list":["post-875","page","type-page","status-publish","hentry"],"_links":{"self":[{"href":"https:\/\/geonautit.fi\/en\/wp-json\/wp\/v2\/pages\/875"}],"collection":[{"href":"https:\/\/geonautit.fi\/en\/wp-json\/wp\/v2\/pages"}],"about":[{"href":"https:\/\/geonautit.fi\/en\/wp-json\/wp\/v2\/types\/page"}],"author":[{"embeddable":true,"href":"https:\/\/geonautit.fi\/en\/wp-json\/wp\/v2\/users\/10"}],"replies":[{"embeddable":true,"href":"https:\/\/geonautit.fi\/en\/wp-json\/wp\/v2\/comments?post=875"}],"version-history":[{"count":14,"href":"https:\/\/geonautit.fi\/en\/wp-json\/wp\/v2\/pages\/875\/revisions"}],"predecessor-version":[{"id":991,"href":"https:\/\/geonautit.fi\/en\/wp-json\/wp\/v2\/pages\/875\/revisions\/991"}],"wp:attachment":[{"href":"https:\/\/geonautit.fi\/en\/wp-json\/wp\/v2\/media?parent=875"}],"curies":[{"name":"wp","href":"https:\/\/api.w.org\/{rel}","templated":true}]}}