{"id":826,"date":"2023-08-15T17:30:36","date_gmt":"2023-08-15T17:30:36","guid":{"rendered":"https:\/\/www.geonautit.fi\/?page_id=826"},"modified":"2023-08-15T17:30:37","modified_gmt":"2023-08-15T17:30:37","slug":"turvallinen-tila-jokaiselle","status":"publish","type":"page","link":"https:\/\/geonautit.fi\/en\/turvallinen-tila-jokaiselle\/","title":{"rendered":"SAFE SPACE FOR EVERYONE"},"content":{"rendered":"<p>Seven Basic Pillars<\/p>\n\n\n\n<p><strong>Seven principles of creating a safer space:<\/strong><\/p>\n\n\n\n<p><strong>Be open<\/strong><br>Approach new people and things without prejudice. See each encounter as an opportunity to learn and grow. We are all different. Accept each person as they are.<\/p>\n\n\n\n<p><strong>Respect<\/strong><br>Pay attention to your choice of words and value others' opinions. Avoid mocking, belittling, or\njudging anyone with your words or behavior. Handle sensitive topics with respect.<\/p>\n\n\n\n<p><strong>Create a positive atmosphere<\/strong><br>Take responsibility also for others' experiences. Listen, praise, and encourage. Accept\nmistakes and disagreements. Consensus is not necessary on everything, but it's important\nthat diverse perspectives are heard.<\/p>\n\n\n\n<p><strong>Avoid assumptions<\/strong><br>Do not make assumptions based on external characteristics, such as appearance, skin color,\nethnicity, religion, gender, age, or speech. Do not assume anything about someone's gender,\nbackground, or abilities.<\/p>\n\n\n\n<p><strong>Give space<\/strong><br>Respect others' personal space, privacy, and autonomy. Ensure that everyone is heard and\ngiven the opportunity to participate.<\/p>\n\n\n\n<p><strong>Intervene<\/strong><br>Don't just ignore it if you witness harassment or other inappropriate behavior.<\/p>\n\n\n\n<p><strong>Enjoy<\/strong><br>Have fun and let others too. Remember, there are no stupid questions, just poor answers in\ncase You are missing any information.<\/p>","protected":false},"excerpt":{"rendered":"<p>Seitsem\u00e4n perusasiaa Seitsem\u00e4n turvallisemman tilan periaatetta Ole avoinKohtaa uudet ihmiset ja asiat ennakkoluulottomasti. Ota jokainen kohtaaminenmahdollisuutena oppia uutta ja kehitty\u00e4.Olemme kaikki erilaisia. Hyv\u00e4ksy jokainen omanaitsen\u00e4\u00e4n. KunnioitaKiinnit\u00e4 huomiota sanavalintoihin ja arvosta toisen mielipidett\u00e4. \u00c4l\u00e4 pilkkaa, nolaa taituomitse ket\u00e4\u00e4n puheillasi tai k\u00e4yt\u00f6ksell\u00e4. K\u00e4sittele arkoja aiheita kunnioittavasti. Luo my\u00f6nteist\u00e4 ilmapiiri\u00e4Ota vastuuta my\u00f6s toisen kokemuksesta. Kuuntele, kehu ja kannusta. [&hellip;]<\/p>","protected":false},"author":1,"featured_media":0,"parent":0,"menu_order":0,"comment_status":"closed","ping_status":"closed","template":"","meta":{"site-sidebar-layout":"default","site-content-layout":"","ast-site-content-layout":"","site-content-style":"default","site-sidebar-style":"default","ast-global-header-display":"","ast-banner-title-visibility":"","ast-main-header-display":"","ast-hfb-above-header-display":"","ast-hfb-below-header-display":"","ast-hfb-mobile-header-display":"","site-post-title":"","ast-breadcrumbs-content":"","ast-featured-img":"","footer-sml-layout":"","theme-transparent-header-meta":"","adv-header-id-meta":"","stick-header-meta":"","header-above-stick-meta":"","header-main-stick-meta":"","header-below-stick-meta":"","astra-migrate-meta-layouts":"default","ast-page-background-enabled":"default","ast-page-background-meta":{"desktop":{"background-color":"","background-image":"","background-repeat":"repeat","background-position":"center center","background-size":"auto","background-attachment":"scroll","background-type":"","background-media":"","overlay-type":"","overlay-color":"","overlay-opacity":"","overlay-gradient":""},"tablet":{"background-color":"","background-image":"","background-repeat":"repeat","background-position":"center center","background-size":"auto","background-attachment":"scroll","background-type":"","background-media":"","overlay-type":"","overlay-color":"","overlay-opacity":"","overlay-gradient":""},"mobile":{"background-color":"","background-image":"","background-repeat":"repeat","background-position":"center center","background-size":"auto","background-attachment":"scroll","background-type":"","background-media":"","overlay-type":"","overlay-color":"","overlay-opacity":"","overlay-gradient":""}},"ast-content-background-meta":{"desktop":{"background-color":"var(--ast-global-color-5)","background-image":"","background-repeat":"repeat","background-position":"center center","background-size":"auto","background-attachment":"scroll","background-type":"","background-media":"","overlay-type":"","overlay-color":"","overlay-opacity":"","overlay-gradient":""},"tablet":{"background-color":"var(--ast-global-color-5)","background-image":"","background-repeat":"repeat","background-position":"center center","background-size":"auto","background-attachment":"scroll","background-type":"","background-media":"","overlay-type":"","overlay-color":"","overlay-opacity":"","overlay-gradient":""},"mobile":{"background-color":"var(--ast-global-color-5)","background-image":"","background-repeat":"repeat","background-position":"center center","background-size":"auto","background-attachment":"scroll","background-type":"","background-media":"","overlay-type":"","overlay-color":"","overlay-opacity":"","overlay-gradient":""}},"footnotes":""},"class_list":["post-826","page","type-page","status-publish","hentry"],"_links":{"self":[{"href":"https:\/\/geonautit.fi\/en\/wp-json\/wp\/v2\/pages\/826"}],"collection":[{"href":"https:\/\/geonautit.fi\/en\/wp-json\/wp\/v2\/pages"}],"about":[{"href":"https:\/\/geonautit.fi\/en\/wp-json\/wp\/v2\/types\/page"}],"author":[{"embeddable":true,"href":"https:\/\/geonautit.fi\/en\/wp-json\/wp\/v2\/users\/1"}],"replies":[{"embeddable":true,"href":"https:\/\/geonautit.fi\/en\/wp-json\/wp\/v2\/comments?post=826"}],"version-history":[{"count":1,"href":"https:\/\/geonautit.fi\/en\/wp-json\/wp\/v2\/pages\/826\/revisions"}],"predecessor-version":[{"id":827,"href":"https:\/\/geonautit.fi\/en\/wp-json\/wp\/v2\/pages\/826\/revisions\/827"}],"wp:attachment":[{"href":"https:\/\/geonautit.fi\/en\/wp-json\/wp\/v2\/media?parent=826"}],"curies":[{"name":"wp","href":"https:\/\/api.w.org\/{rel}","templated":true}]}}