{"id":818,"date":"2023-08-14T10:07:18","date_gmt":"2023-08-14T10:07:18","guid":{"rendered":"https:\/\/www.geonautit.fi\/?page_id=818"},"modified":"2023-08-17T18:16:22","modified_gmt":"2023-08-17T18:16:22","slug":"geokatkokierrokset-lahtoajat","status":"publish","type":"page","link":"https:\/\/geonautit.fi\/en\/urbanhel\/ohjelma\/geokatkokierrokset-lahtoajat\/","title":{"rendered":"Geocaching tours - starting times"},"content":{"rendered":"<p>Would you like to go on a geocache tour with new caching buddies or with your geocolleagues? The tours will start here: <strong>N60\u00b011.203 E024\u00b058.170<\/strong> outside Kattilahalli at six different times. For three tours, there will also be members of the Mega-Event team joining the tour. With the self-guided tours you can together as a group decide where to go.<\/p>\n\n\n\n<p><strong>10:10 AM \u2013 Mega-Event volunteers participating the tour [languages FIN, ENG, SWE]&nbsp;<\/strong><br>&#8211; <a href=\"https:\/\/geonautit.fi\/en\/urbanhel\/katkosuosituksia\/#asulilah\">Tour: Urban living, outdoors and nearby nature: Kalasatama \u2013 Mustikkamaa - Kulosaari<\/a><\/p>\n\n\n\n<p><strong>11:00 AM \u2013 Mega-Event volunteers participating the tour [languages FIN, ENG, SWE]<\/strong><br>&#8211;<a href=\"https:\/\/geonautit.fi\/en\/urbanhel\/katkosuosituksia\/#asulilah\"> Tour: Urban living, outdoors and nearby nature: Kalasatama \u2013 Mustikkamaa - Kulosaari<\/a><\/p>\n\n\n\n<p><strong>12:00 PM \u2013 Self-guided tours, Mega-Event volunteers helping to gather the group at the meeting point.<\/strong><\/p>\n\n\n\n<p><strong>1:00 PM - Mega-Event volunteers participating the tour [languages FIN, ENG, SWE]<\/strong><br>&#8211;<a href=\"https:\/\/geonautit.fi\/en\/urbanhel\/katkosuosituksia\/#asulilah\">Tour: Urban living, outdoors and nearby nature: Kalasatama \u2013 Mustikkamaa - Kulosaari<\/a><\/p>\n\n\n\n<p><strong>2:00 PM - Mega-Event volunteers participating the tour [languages FIN, ENG, SWE]\u00a0<\/strong><br>&#8211; <a href=\"https:\/\/geonautit.fi\/en\/urbanhel\/katkosuosituksia\/#asulilah\">Tour: Urban living, outdoors and nearby nature: Kalasatama \u2013 Mustikkamaa - Kulosaari<\/a><br>&#8211; <a href=\"https:\/\/geonautit.fi\/en\/urbanhel\/katkosuosituksia\/#saari\">Tour: Urban island caching: Vartiosaari<\/a><\/p>\n\n\n\n<p><strong>3:00 PM \u2013 Self-guided tours, Mega-Event volunteers helping to gather the group at the meeting point.<\/strong><\/p>","protected":false},"excerpt":{"rendered":"<p>Haluatko l\u00e4hte\u00e4 kiert\u00e4m\u00e4\u00e4n k\u00e4tk\u00f6j\u00e4 uusien k\u00e4tk\u00f6kavereiden kanssa tai tutullakin porukalla? K\u00e4tk\u00f6suosituskierroksille kokoonnutaan Kattilahallin ulkopuolelle koordinaatteihin N60\u00b011.203 E024\u00b058.170 kuutena alla mainittuna ajankohtana. Kolmeen eri kellonaikaan kierroksille l\u00e4hd\u00f6ss\u00e4 my\u00f6s Mega-tapahtuman talkoov\u00e4ke\u00e4. Toki halutessaan paikalle voi my\u00f6s kokoontua l\u00e4hte\u00e4kseen porukalla omatoimisesti muille p\u00e4\u00e4kaupunkiseudun k\u00e4tk\u00f6ille. 10:10 \u2013 Mega-tapahtuman talkoov\u00e4ke\u00e4 [kielet FIN, ENG, SWE] mukana kierroksella&nbsp;&#8211; Urbaania asumista, liikkumista ja [&hellip;]<\/p>","protected":false},"author":1,"featured_media":0,"parent":179,"menu_order":0,"comment_status":"closed","ping_status":"closed","template":"","meta":{"site-sidebar-layout":"default","site-content-layout":"","ast-site-content-layout":"","site-content-style":"default","site-sidebar-style":"default","ast-global-header-display":"","ast-banner-title-visibility":"","ast-main-header-display":"","ast-hfb-above-header-display":"","ast-hfb-below-header-display":"","ast-hfb-mobile-header-display":"","site-post-title":"","ast-breadcrumbs-content":"","ast-featured-img":"","footer-sml-layout":"","theme-transparent-header-meta":"","adv-header-id-meta":"","stick-header-meta":"","header-above-stick-meta":"","header-main-stick-meta":"","header-below-stick-meta":"","astra-migrate-meta-layouts":"default","ast-page-background-enabled":"default","ast-page-background-meta":{"desktop":{"background-color":"","background-image":"","background-repeat":"repeat","background-position":"center center","background-size":"auto","background-attachment":"scroll","background-type":"","background-media":"","overlay-type":"","overlay-color":"","overlay-opacity":"","overlay-gradient":""},"tablet":{"background-color":"","background-image":"","background-repeat":"repeat","background-position":"center center","background-size":"auto","background-attachment":"scroll","background-type":"","background-media":"","overlay-type":"","overlay-color":"","overlay-opacity":"","overlay-gradient":""},"mobile":{"background-color":"","background-image":"","background-repeat":"repeat","background-position":"center center","background-size":"auto","background-attachment":"scroll","background-type":"","background-media":"","overlay-type":"","overlay-color":"","overlay-opacity":"","overlay-gradient":""}},"ast-content-background-meta":{"desktop":{"background-color":"var(--ast-global-color-5)","background-image":"","background-repeat":"repeat","background-position":"center center","background-size":"auto","background-attachment":"scroll","background-type":"","background-media":"","overlay-type":"","overlay-color":"","overlay-opacity":"","overlay-gradient":""},"tablet":{"background-color":"var(--ast-global-color-5)","background-image":"","background-repeat":"repeat","background-position":"center center","background-size":"auto","background-attachment":"scroll","background-type":"","background-media":"","overlay-type":"","overlay-color":"","overlay-opacity":"","overlay-gradient":""},"mobile":{"background-color":"var(--ast-global-color-5)","background-image":"","background-repeat":"repeat","background-position":"center center","background-size":"auto","background-attachment":"scroll","background-type":"","background-media":"","overlay-type":"","overlay-color":"","overlay-opacity":"","overlay-gradient":""}},"footnotes":""},"class_list":["post-818","page","type-page","status-publish","hentry"],"_links":{"self":[{"href":"https:\/\/geonautit.fi\/en\/wp-json\/wp\/v2\/pages\/818"}],"collection":[{"href":"https:\/\/geonautit.fi\/en\/wp-json\/wp\/v2\/pages"}],"about":[{"href":"https:\/\/geonautit.fi\/en\/wp-json\/wp\/v2\/types\/page"}],"author":[{"embeddable":true,"href":"https:\/\/geonautit.fi\/en\/wp-json\/wp\/v2\/users\/1"}],"replies":[{"embeddable":true,"href":"https:\/\/geonautit.fi\/en\/wp-json\/wp\/v2\/comments?post=818"}],"version-history":[{"count":4,"href":"https:\/\/geonautit.fi\/en\/wp-json\/wp\/v2\/pages\/818\/revisions"}],"predecessor-version":[{"id":873,"href":"https:\/\/geonautit.fi\/en\/wp-json\/wp\/v2\/pages\/818\/revisions\/873"}],"up":[{"embeddable":true,"href":"https:\/\/geonautit.fi\/en\/wp-json\/wp\/v2\/pages\/179"}],"wp:attachment":[{"href":"https:\/\/geonautit.fi\/en\/wp-json\/wp\/v2\/media?parent=818"}],"curies":[{"name":"wp","href":"https:\/\/api.w.org\/{rel}","templated":true}]}}