{"id":767,"date":"2023-07-14T07:35:14","date_gmt":"2023-07-14T07:35:14","guid":{"rendered":"https:\/\/www.geonautit.fi\/?page_id=767"},"modified":"2023-08-27T16:15:05","modified_gmt":"2023-08-27T16:15:05","slug":"pakohuonepelit","status":"publish","type":"page","link":"https:\/\/geonautit.fi\/en\/urbanhel\/ohjelma\/pakohuonepelit\/","title":{"rendered":"Escape room games"},"content":{"rendered":"<p>There are two different escape room games which are introduced below with link to the reservation calendar. This is a movable escape room which is a lite-version of traditional escape rooms. The game is located together with UrbanHEL 2023 -Mega event in Kattilahalli, Suvilahti. The price of the game is the same (30\u20ac \/game) regardless of the number of players. The ideal team size for one game is 2-6 persons.<\/p>\n\n\n\n<h4 class=\"wp-block-heading\">Labyrinth<\/h4>\n\n\n\n<p>\"Cairo is in danger! An ancient cursed treasure has been stolen from a labyrinth deep in the deserts of Cairo. find the stolen treasure and return it to its place before time runs out and the curse comes true.\"\n The difficulty level of this game is 2\/5 so it's also suitable for kids and first timers.<\/p>\n\n\n\n<p><\/p>\n\n\n\n<h4 class=\"wp-block-heading\">Game of Games<\/h4>\n\n\n\n<p>\"One morning, Petteri, who loves betting, announced that when he came to work, he would bet a month\u2019s salary that he would survive any challenge ahead as a winner. Your job is to help poor Petteri win the bet he made before time runs out.\"<\/p>\n\n\n\n<p><\/p>\n\n\n\n<p><strong>Note!<\/strong><br>Escape room games reside outside Kattilahalli&nbsp;<strong>In Trap Factory's&nbsp;<\/strong>tent. Please arrive&nbsp;<strong>5 minutes<\/strong>&nbsp;before the reserved time so that we have enough time to go through the instructions before the game.<\/p>","protected":false},"excerpt":{"rendered":"<p>UrbanHEL -tapahtumassa paikalla on kaksi erilaista pakohuonepeli\u00e4, jotka on esitelty alapuolella varauskalenterilinkin kera. Kyseess\u00e4 on siirrett\u00e4v\u00e4 pakopeli, joka sijaitsee UrbanHEL 2023 -megatapahtuman yhteydess\u00e4 Suvilahden Kattilahallin pihalla. Siirrett\u00e4v\u00e4t pakopelit ovat perinteisten pakopelien kevennettyj\u00e4 versioita. Pelin hinta on sama (30\u20ac \/peli) ryhm\u00e4n koosta riippumatta. Sopiva ryhm\u00e4koko yhteen peliin on 2-6 henkil\u00f6\u00e4. Labyrintti &#8221;Kairo on vaarassa! Syv\u00e4ll\u00e4 Kairon [&hellip;]<\/p>","protected":false},"author":10,"featured_media":0,"parent":179,"menu_order":5,"comment_status":"closed","ping_status":"closed","template":"","meta":{"site-sidebar-layout":"default","site-content-layout":"","ast-site-content-layout":"default","site-content-style":"default","site-sidebar-style":"default","ast-global-header-display":"","ast-banner-title-visibility":"","ast-main-header-display":"","ast-hfb-above-header-display":"","ast-hfb-below-header-display":"","ast-hfb-mobile-header-display":"","site-post-title":"","ast-breadcrumbs-content":"","ast-featured-img":"","footer-sml-layout":"","theme-transparent-header-meta":"","adv-header-id-meta":"","stick-header-meta":"","header-above-stick-meta":"","header-main-stick-meta":"","header-below-stick-meta":"","astra-migrate-meta-layouts":"set","ast-page-background-enabled":"default","ast-page-background-meta":{"desktop":{"background-color":"","background-image":"","background-repeat":"repeat","background-position":"center center","background-size":"auto","background-attachment":"scroll","background-type":"","background-media":"","overlay-type":"","overlay-color":"","overlay-opacity":"","overlay-gradient":""},"tablet":{"background-color":"","background-image":"","background-repeat":"repeat","background-position":"center center","background-size":"auto","background-attachment":"scroll","background-type":"","background-media":"","overlay-type":"","overlay-color":"","overlay-opacity":"","overlay-gradient":""},"mobile":{"background-color":"","background-image":"","background-repeat":"repeat","background-position":"center center","background-size":"auto","background-attachment":"scroll","background-type":"","background-media":"","overlay-type":"","overlay-color":"","overlay-opacity":"","overlay-gradient":""}},"ast-content-background-meta":{"desktop":{"background-color":"var(--ast-global-color-5)","background-image":"","background-repeat":"repeat","background-position":"center center","background-size":"auto","background-attachment":"scroll","background-type":"","background-media":"","overlay-type":"","overlay-color":"","overlay-opacity":"","overlay-gradient":""},"tablet":{"background-color":"var(--ast-global-color-5)","background-image":"","background-repeat":"repeat","background-position":"center center","background-size":"auto","background-attachment":"scroll","background-type":"","background-media":"","overlay-type":"","overlay-color":"","overlay-opacity":"","overlay-gradient":""},"mobile":{"background-color":"var(--ast-global-color-5)","background-image":"","background-repeat":"repeat","background-position":"center center","background-size":"auto","background-attachment":"scroll","background-type":"","background-media":"","overlay-type":"","overlay-color":"","overlay-opacity":"","overlay-gradient":""}},"footnotes":""},"class_list":["post-767","page","type-page","status-publish","hentry"],"_links":{"self":[{"href":"https:\/\/geonautit.fi\/en\/wp-json\/wp\/v2\/pages\/767"}],"collection":[{"href":"https:\/\/geonautit.fi\/en\/wp-json\/wp\/v2\/pages"}],"about":[{"href":"https:\/\/geonautit.fi\/en\/wp-json\/wp\/v2\/types\/page"}],"author":[{"embeddable":true,"href":"https:\/\/geonautit.fi\/en\/wp-json\/wp\/v2\/users\/10"}],"replies":[{"embeddable":true,"href":"https:\/\/geonautit.fi\/en\/wp-json\/wp\/v2\/comments?post=767"}],"version-history":[{"count":6,"href":"https:\/\/geonautit.fi\/en\/wp-json\/wp\/v2\/pages\/767\/revisions"}],"predecessor-version":[{"id":948,"href":"https:\/\/geonautit.fi\/en\/wp-json\/wp\/v2\/pages\/767\/revisions\/948"}],"up":[{"embeddable":true,"href":"https:\/\/geonautit.fi\/en\/wp-json\/wp\/v2\/pages\/179"}],"wp:attachment":[{"href":"https:\/\/geonautit.fi\/en\/wp-json\/wp\/v2\/media?parent=767"}],"curies":[{"name":"wp","href":"https:\/\/api.w.org\/{rel}","templated":true}]}}