{"id":737,"date":"2023-07-06T18:32:04","date_gmt":"2023-07-06T18:32:04","guid":{"rendered":"https:\/\/www.geonautit.fi\/?page_id=737"},"modified":"2023-08-27T16:16:42","modified_gmt":"2023-08-27T16:16:42","slug":"valinevuokrausta","status":"publish","type":"page","link":"https:\/\/geonautit.fi\/en\/urbanhel\/ohjelma\/valinevuokrausta\/","title":{"rendered":"Equipment rental"},"content":{"rendered":"<p>UrbanHEL Mega-Event partner offers the opportunity for equipment rental at discounted prices during the Mega Event!<\/p>\n\n\n\n<p>Natura Viva rents outdoor equipment for self-guided adventures at the Vuosaari Paddling Center (Harbonkatu 13, Helsinki).<\/p>\n\n\n\n<h5 class=\"wp-block-heading\">The available rental equipment includes<\/h5>\n\n\n\n<ul class=\"wp-block-list\">\n<li>kayaks<\/li>\n\n\n\n<li>canoes<\/li>\n\n\n\n<li>SUP-lautoja<\/li>\n\n\n\n<li>SUP boards<\/li>\n\n\n\n<li>fatbikes<\/li>\n<\/ul>\n\n\n\n<p>With the discount code <strong>GEOCACHING2023<\/strong> , you will receive a 15% discount on self-guided equipment rental from the online store during the Mega-Event from Friday to Sunday, August 25th to 27th. The discount code is entered at the payment stage in the online store. Discount code is valid at Vuosaari, Kaisaniemi and Nuuksio.<\/p>","protected":false},"excerpt":{"rendered":"<p>UrbanHEL Mega-tapahtuman yhteisty\u00f6kumppani tarjoaa mahdollisuuden urheiluv\u00e4linevuokraukseen Megan alennushinnoin! Natura Viva vuokraa Vuosaaren melontakeskuksella (Harbonkatu 13, Helsinki) ulkoiluv\u00e4lineit\u00e4 omatoimisiin seikkailuihin. Vuokrattavia v\u00e4lineit\u00e4 Alennuskoodilla GEOCACHING2023 saat nettikaupasta omatoimiseen v\u00e4linevuokraukseen -15% alennuksen Mega-tapahtuman ajan perjantaista sunnuntaihin 25.8.-27.8. Alennuskoodi sy\u00f6tet\u00e4\u00e4n verkkokaupassa maksuvaiheessa. Alennuskoodi k\u00e4y Helsingin (Vuosaari, Kaisaniemi) ja Espoon (Nuuksio) vuokrauspisteisiin.<\/p>","protected":false},"author":10,"featured_media":0,"parent":179,"menu_order":4,"comment_status":"closed","ping_status":"closed","template":"","meta":{"site-sidebar-layout":"default","site-content-layout":"","ast-site-content-layout":"default","site-content-style":"default","site-sidebar-style":"default","ast-global-header-display":"","ast-banner-title-visibility":"","ast-main-header-display":"","ast-hfb-above-header-display":"","ast-hfb-below-header-display":"","ast-hfb-mobile-header-display":"","site-post-title":"","ast-breadcrumbs-content":"","ast-featured-img":"","footer-sml-layout":"","theme-transparent-header-meta":"","adv-header-id-meta":"","stick-header-meta":"","header-above-stick-meta":"","header-main-stick-meta":"","header-below-stick-meta":"","astra-migrate-meta-layouts":"set","ast-page-background-enabled":"default","ast-page-background-meta":{"desktop":{"background-color":"","background-image":"","background-repeat":"repeat","background-position":"center center","background-size":"auto","background-attachment":"scroll","background-type":"","background-media":"","overlay-type":"","overlay-color":"","overlay-opacity":"","overlay-gradient":""},"tablet":{"background-color":"","background-image":"","background-repeat":"repeat","background-position":"center center","background-size":"auto","background-attachment":"scroll","background-type":"","background-media":"","overlay-type":"","overlay-color":"","overlay-opacity":"","overlay-gradient":""},"mobile":{"background-color":"","background-image":"","background-repeat":"repeat","background-position":"center center","background-size":"auto","background-attachment":"scroll","background-type":"","background-media":"","overlay-type":"","overlay-color":"","overlay-opacity":"","overlay-gradient":""}},"ast-content-background-meta":{"desktop":{"background-color":"var(--ast-global-color-5)","background-image":"","background-repeat":"repeat","background-position":"center center","background-size":"auto","background-attachment":"scroll","background-type":"","background-media":"","overlay-type":"","overlay-color":"","overlay-opacity":"","overlay-gradient":""},"tablet":{"background-color":"var(--ast-global-color-5)","background-image":"","background-repeat":"repeat","background-position":"center center","background-size":"auto","background-attachment":"scroll","background-type":"","background-media":"","overlay-type":"","overlay-color":"","overlay-opacity":"","overlay-gradient":""},"mobile":{"background-color":"var(--ast-global-color-5)","background-image":"","background-repeat":"repeat","background-position":"center center","background-size":"auto","background-attachment":"scroll","background-type":"","background-media":"","overlay-type":"","overlay-color":"","overlay-opacity":"","overlay-gradient":""}},"footnotes":""},"class_list":["post-737","page","type-page","status-publish","hentry"],"_links":{"self":[{"href":"https:\/\/geonautit.fi\/en\/wp-json\/wp\/v2\/pages\/737"}],"collection":[{"href":"https:\/\/geonautit.fi\/en\/wp-json\/wp\/v2\/pages"}],"about":[{"href":"https:\/\/geonautit.fi\/en\/wp-json\/wp\/v2\/types\/page"}],"author":[{"embeddable":true,"href":"https:\/\/geonautit.fi\/en\/wp-json\/wp\/v2\/users\/10"}],"replies":[{"embeddable":true,"href":"https:\/\/geonautit.fi\/en\/wp-json\/wp\/v2\/comments?post=737"}],"version-history":[{"count":5,"href":"https:\/\/geonautit.fi\/en\/wp-json\/wp\/v2\/pages\/737\/revisions"}],"predecessor-version":[{"id":951,"href":"https:\/\/geonautit.fi\/en\/wp-json\/wp\/v2\/pages\/737\/revisions\/951"}],"up":[{"embeddable":true,"href":"https:\/\/geonautit.fi\/en\/wp-json\/wp\/v2\/pages\/179"}],"wp:attachment":[{"href":"https:\/\/geonautit.fi\/en\/wp-json\/wp\/v2\/media?parent=737"}],"curies":[{"name":"wp","href":"https:\/\/api.w.org\/{rel}","templated":true}]}}