{"id":728,"date":"2023-07-06T18:21:00","date_gmt":"2023-07-06T18:21:00","guid":{"rendered":"https:\/\/www.geonautit.fi\/?page_id=728"},"modified":"2023-08-27T16:15:31","modified_gmt":"2023-08-27T16:15:31","slug":"melontaretki","status":"publish","type":"page","link":"https:\/\/geonautit.fi\/en\/urbanhel\/ohjelma\/melontaretki\/","title":{"rendered":"Paddle trip"},"content":{"rendered":"<p>UrbanHEL Mega Event partner offers the opportunity for a paddle trip during the Mega Event!<\/p>\n\n\n\n<h3 class=\"wp-block-heading\">Paddle trip on Kallahdenselk\u00e4<\/h3>\n\n\n\n<p>Natura Viva will organize a guided paddling trip from Vuosaari Paddling Center (Vuosaaren Melontakeskus) to two nearby island caches. Geocachers are responsible for finding the caches. No previous paddling experience is required as a professional guide will assist, and the kayaks are suitable for beginners. The paddle center has lockers, and shower facilities are available after the trip.<\/p>\n\n\n\n<p>The paddle trip will take place on Saturday, August 26th, at 10:00. The trip includes 2 caches, one of which is a challenge cache, and the other is a traditional cache. Departure and return are from Vuosaari Paddling Center (Harbonkatu 13, Helsinki). The duration is approximately 2.5 hours. The trip will take place if there are at least 4 participants.<\/p>\n\n\n\n<h4 class=\"wp-block-heading\">Geocaches<\/h4>\n\n\n\n<ul class=\"wp-block-list\">\n<li><a href=\"http:\/\/coord.info\/GC4F8GD\">GC4F8GD<\/a> Saarik\u00e4tk\u00f6ily\u00e4 ymp\u00e4ri vuoden; Challenge (Remember to solve the final coordinates)<\/li>\n\n\n\n<li><a href=\"http:\/\/coord.info\/GC9ED0M\">GC9ED0M<\/a> Malkasaaren k\u00e4tk\u00f6iss\u00e4<\/li>\n<\/ul>\n\n\n\n<figure class=\"wp-block-image aligncenter size-full\"><img loading=\"lazy\" decoding=\"async\" width=\"494\" height=\"455\" src=\"https:\/\/www.geonautit.fi\/wp-content\/uploads\/2023\/07\/melonta.png\" alt=\"\" class=\"wp-image-734\" srcset=\"https:\/\/geonautit.fi\/wp-content\/uploads\/2023\/07\/melonta.png 494w, https:\/\/geonautit.fi\/wp-content\/uploads\/2023\/07\/melonta-300x276.png 300w, https:\/\/geonautit.fi\/wp-content\/uploads\/2023\/07\/melonta-13x12.png 13w\" sizes=\"(max-width: 494px) 100vw, 494px\" \/><figcaption class=\"wp-element-caption\">Geocaches of paddle trip on a map<\/figcaption><\/figure>\n\n\n\n<p>The geocaching is not guided and on the islands participants are responsible for finding the caches and the equipment needed to do so.<\/p>\n\n\n\n<p>Trip price: \u20ac67 per person<br><\/p>","protected":false},"excerpt":{"rendered":"<p>UrbanHEL Mega-tapahtuman yhteisty\u00f6kumppani tarjoaa mahdollisuuden melontaretkeen Megan alennushinnoin! Melontaretki Kallahdensel\u00e4ll\u00e4 Natura Viva j\u00e4rjest\u00e4\u00e4 opastetun melontaretken Vuosaaren melontakeskukselta kahdelle l\u00e4hialueen saarik\u00e4tk\u00f6lle. Aiempaa melontakokemusta ei tarvita, sill\u00e4 ammattiopas auttaa ja kajakit ovat sopivia aloittelijoille. Melontakeskuksella on lukollisia lokeroita ja retken j\u00e4lkeen suihkutilat k\u00e4yt\u00f6ss\u00e4. Melontaretki j\u00e4rjestet\u00e4\u00e4n lauantaina 26.8. Klo 10. Retkeen kuuluu 2 k\u00e4tk\u00f6\u00e4, joista toinen on haastek\u00e4tk\u00f6 [&hellip;]<\/p>","protected":false},"author":10,"featured_media":0,"parent":179,"menu_order":3,"comment_status":"closed","ping_status":"closed","template":"","meta":{"site-sidebar-layout":"default","site-content-layout":"","ast-site-content-layout":"default","site-content-style":"default","site-sidebar-style":"default","ast-global-header-display":"","ast-banner-title-visibility":"","ast-main-header-display":"","ast-hfb-above-header-display":"","ast-hfb-below-header-display":"","ast-hfb-mobile-header-display":"","site-post-title":"","ast-breadcrumbs-content":"","ast-featured-img":"","footer-sml-layout":"","theme-transparent-header-meta":"","adv-header-id-meta":"","stick-header-meta":"","header-above-stick-meta":"","header-main-stick-meta":"","header-below-stick-meta":"","astra-migrate-meta-layouts":"set","ast-page-background-enabled":"default","ast-page-background-meta":{"desktop":{"background-color":"","background-image":"","background-repeat":"repeat","background-position":"center center","background-size":"auto","background-attachment":"scroll","background-type":"","background-media":"","overlay-type":"","overlay-color":"","overlay-opacity":"","overlay-gradient":""},"tablet":{"background-color":"","background-image":"","background-repeat":"repeat","background-position":"center center","background-size":"auto","background-attachment":"scroll","background-type":"","background-media":"","overlay-type":"","overlay-color":"","overlay-opacity":"","overlay-gradient":""},"mobile":{"background-color":"","background-image":"","background-repeat":"repeat","background-position":"center center","background-size":"auto","background-attachment":"scroll","background-type":"","background-media":"","overlay-type":"","overlay-color":"","overlay-opacity":"","overlay-gradient":""}},"ast-content-background-meta":{"desktop":{"background-color":"var(--ast-global-color-5)","background-image":"","background-repeat":"repeat","background-position":"center center","background-size":"auto","background-attachment":"scroll","background-type":"","background-media":"","overlay-type":"","overlay-color":"","overlay-opacity":"","overlay-gradient":""},"tablet":{"background-color":"var(--ast-global-color-5)","background-image":"","background-repeat":"repeat","background-position":"center center","background-size":"auto","background-attachment":"scroll","background-type":"","background-media":"","overlay-type":"","overlay-color":"","overlay-opacity":"","overlay-gradient":""},"mobile":{"background-color":"var(--ast-global-color-5)","background-image":"","background-repeat":"repeat","background-position":"center center","background-size":"auto","background-attachment":"scroll","background-type":"","background-media":"","overlay-type":"","overlay-color":"","overlay-opacity":"","overlay-gradient":""}},"footnotes":""},"class_list":["post-728","page","type-page","status-publish","hentry"],"_links":{"self":[{"href":"https:\/\/geonautit.fi\/en\/wp-json\/wp\/v2\/pages\/728"}],"collection":[{"href":"https:\/\/geonautit.fi\/en\/wp-json\/wp\/v2\/pages"}],"about":[{"href":"https:\/\/geonautit.fi\/en\/wp-json\/wp\/v2\/types\/page"}],"author":[{"embeddable":true,"href":"https:\/\/geonautit.fi\/en\/wp-json\/wp\/v2\/users\/10"}],"replies":[{"embeddable":true,"href":"https:\/\/geonautit.fi\/en\/wp-json\/wp\/v2\/comments?post=728"}],"version-history":[{"count":4,"href":"https:\/\/geonautit.fi\/en\/wp-json\/wp\/v2\/pages\/728\/revisions"}],"predecessor-version":[{"id":949,"href":"https:\/\/geonautit.fi\/en\/wp-json\/wp\/v2\/pages\/728\/revisions\/949"}],"up":[{"embeddable":true,"href":"https:\/\/geonautit.fi\/en\/wp-json\/wp\/v2\/pages\/179"}],"wp:attachment":[{"href":"https:\/\/geonautit.fi\/en\/wp-json\/wp\/v2\/media?parent=728"}],"curies":[{"name":"wp","href":"https:\/\/api.w.org\/{rel}","templated":true}]}}