{"id":692,"date":"2023-06-29T14:52:28","date_gmt":"2023-06-29T14:52:28","guid":{"rendered":"https:\/\/www.geonautit.fi\/?page_id=692"},"modified":"2023-08-27T16:16:21","modified_gmt":"2023-08-27T16:16:21","slug":"veneretket","status":"publish","type":"page","link":"https:\/\/geonautit.fi\/en\/urbanhel\/ohjelma\/veneretket\/","title":{"rendered":"Boat trips"},"content":{"rendered":"<p>SeaSport Oy kipparoi UrbanHEL Mega-tapahtumaviikonlopun ajan veneit\u00e4 Helsingin ja Espoon edustojen saarille. Yhdelle kierrokselle mahtuu mukaan 10 henkil\u00f6\u00e4. Veneess\u00e4 on keulaportti, jolloin kyytiin nouseminen ja poistuminen onnistuu helposti ja kuivin jaloin. Tarkemmat tiedot retkist\u00e4 l\u00f6ytyv\u00e4t ilmoittautumisen yhteydess\u00e4.<\/p>\n\n\n\n<p><\/p>\n\n\n\n<p><\/p>\n\n\n\n<h3 class=\"wp-block-heading\">Boat Trip 1: Eastern Helsinki<\/h3>\n\n\n\n<p>The trip offers the possibility to find 9 caches, consisting of 4 traditional caches and 5 challenge caches. Note: Two caches require a special tool. Geocachers are responsible for finding the caches. Departure and return are from Aurinkoranta Guest Harbor (Aurinkoranta 10, Helsinki). Duration is approximately 3 hours.<\/p>\n\n\n\n<p><a href=\"https:\/\/coord.info\/BMCCMFJ\" target=\"_blank\" rel=\"noreferrer noopener\">Bookmark list of trip's geocaches<\/a><\/p>\n\n\n\n<ul class=\"wp-block-list\">\n<li>GC4RB7B Huomenlahja \u2013 Morning gift<\/li>\n\n\n\n<li>GC3RY2R Kalliosaari<\/li>\n\n\n\n<li>GC3RT2A Ehta saarihaaste!<\/li>\n\n\n\n<li>GC9BKQX Hiio-hoi! 6&#215;3 cocktail \u2013 Challenge<\/li>\n\n\n\n<li>GC9T1F0 Venek\u00e4tk\u00f6ily\u00e4 Uudellamaalla: Gold Challenge<\/li>\n\n\n\n<li>GC8WVJ2 It\u00e4inen Villaluoto (HUOM, t\u00e4m\u00e4 on hyllyll\u00e4 nyt)<\/li>\n\n\n\n<li>GC9R2XH Venek\u00e4tk\u00f6ily\u00e4 Uudellamaalla: Silver Challenge<\/li>\n\n\n\n<li>GC2PR2C Sympaatti 2 \ud83d\ude42<\/li>\n\n\n\n<li>GC98CRY Vesipedon matkahaaste \u2013 Challenge<\/li>\n<\/ul>\n\n\n\n<p><strong>Trip price: \u20ac35 per person<\/strong><\/p>\n\n\n\n<figure class=\"wp-block-image size-large\"><img loading=\"lazy\" decoding=\"async\" width=\"1024\" height=\"827\" src=\"https:\/\/www.geonautit.fi\/wp-content\/uploads\/2023\/06\/veneretki1-1024x827.png\" alt=\"Veneretken 1 kohteet kartalla\" class=\"wp-image-699\" srcset=\"https:\/\/geonautit.fi\/wp-content\/uploads\/2023\/06\/veneretki1-1024x827.png 1024w, https:\/\/geonautit.fi\/wp-content\/uploads\/2023\/06\/veneretki1-300x242.png 300w, https:\/\/geonautit.fi\/wp-content\/uploads\/2023\/06\/veneretki1-768x620.png 768w, https:\/\/geonautit.fi\/wp-content\/uploads\/2023\/06\/veneretki1-15x12.png 15w, https:\/\/geonautit.fi\/wp-content\/uploads\/2023\/06\/veneretki1.png 1400w\" sizes=\"(max-width: 1024px) 100vw, 1024px\" \/><figcaption class=\"wp-element-caption\">Geocaches of boat trip 1 on map<\/figcaption><\/figure>\n\n\n\n<h3 class=\"wp-block-heading\">Boat Trip 2: Western Helsinki and Espoo<\/h3>\n\n\n\n<p>The trip offers the possibility to find 11 caches, consisting of 5 traditional caches, 5 challenge caches, and 1 mystery cache (where you obtain coordinates from two traditional caches). Note: Some caches require special tools or climbing gear, please check the attributes in advance. Geocachers are responsible for finding the caches. The boat will make a 1-hour stop at Korkeasaari (an island, not the zoo). Departure and return are from Lauttasaari Marina (Meripuistotie 1, Helsinki). Duration is approximately 3.5 hours.<\/p>\n\n\n\n<p><a href=\"https:\/\/coord.info\/BMCCMG8\" target=\"_blank\" rel=\"noreferrer noopener\">Bookmark list of trip's geocaches<\/a><\/p>\n\n\n\n<ul class=\"wp-block-list\">\n<li>GC1W9T0 Saariretki: M\u00e4ris<\/li>\n\n\n\n<li>GC2D9JQ Saariretki: L\u00e4ntinen K\u00e4\u00e4rmeluoto<\/li>\n\n\n\n<li>GC1W9R4 Saariretki: Pohjoinen K\u00e4\u00e4rmeluoto<\/li>\n\n\n\n<li>GC4N6XF Viisi maata vuorokaudessa &#8211; tai 10\/10\/10 &#8211; haaste<\/li>\n\n\n\n<li>GC7KC3Q 11-11 Challenge &#8211; Platinum<\/li>\n\n\n\n<li>GC7FX9X Attribuuttimatriisi -Challenge<\/li>\n\n\n\n<li>GC7KC3X Superman 75*T5 &amp; 31*D5 &amp; (1\ud83d\udc4c|5\ud83e\uddd7|25\ud83d\udee5\ufe0f) Challenge<\/li>\n\n\n\n<li>GC9AZ75 Tosimatkaajan haaste \ud83c\udf0d True traveller challenge<\/li>\n\n\n\n<li>GC5E254 Sm\u00e5holm<\/li>\n\n\n\n<li>GC5E24F Tvij\u00e4lp2<\/li>\n\n\n\n<li>GC5E26Y Termiittitoteemi<\/li>\n<\/ul>\n\n\n\n<p><strong>Trip price: \u20ac50 per person<\/strong><\/p>\n\n\n\n<figure class=\"wp-block-image size-full\"><img loading=\"lazy\" decoding=\"async\" width=\"941\" height=\"774\" src=\"https:\/\/www.geonautit.fi\/wp-content\/uploads\/2023\/06\/veneretki2.png\" alt=\"Veneretken 2 kohteet kartalla\" class=\"wp-image-697\" srcset=\"https:\/\/geonautit.fi\/wp-content\/uploads\/2023\/06\/veneretki2.png 941w, https:\/\/geonautit.fi\/wp-content\/uploads\/2023\/06\/veneretki2-300x247.png 300w, https:\/\/geonautit.fi\/wp-content\/uploads\/2023\/06\/veneretki2-768x632.png 768w, https:\/\/geonautit.fi\/wp-content\/uploads\/2023\/06\/veneretki2-15x12.png 15w\" sizes=\"(max-width: 941px) 100vw, 941px\" \/><figcaption class=\"wp-element-caption\">Geocaches of boat trip 2 on map<\/figcaption><\/figure>","protected":false},"excerpt":{"rendered":"<p>SeaSport Oy kipparoi UrbanHEL Mega-tapahtumaviikonlopun ajan veneit\u00e4 Helsingin ja Espoon edustojen saarille. Yhdelle kierrokselle mahtuu mukaan 10 henkil\u00f6\u00e4. Veneess\u00e4 on keulaportti, jolloin kyytiin nouseminen ja poistuminen onnistuu helposti ja kuivin jaloin. Tarkemmat tiedot retkist\u00e4 l\u00f6ytyv\u00e4t ilmoittautumisen yhteydess\u00e4. Veneretki 1: It\u00e4inen Helsinki Retkell\u00e4 on mahdollisuus l\u00f6yt\u00e4\u00e4 9 k\u00e4tk\u00f6\u00e4, joista 4 tradia ja 5 haastek\u00e4tk\u00f6\u00e4. Huom! Kahdessa [&hellip;]<\/p>","protected":false},"author":10,"featured_media":0,"parent":179,"menu_order":6,"comment_status":"closed","ping_status":"closed","template":"","meta":{"site-sidebar-layout":"default","site-content-layout":"","ast-site-content-layout":"default","site-content-style":"default","site-sidebar-style":"default","ast-global-header-display":"","ast-banner-title-visibility":"","ast-main-header-display":"","ast-hfb-above-header-display":"","ast-hfb-below-header-display":"","ast-hfb-mobile-header-display":"","site-post-title":"","ast-breadcrumbs-content":"","ast-featured-img":"","footer-sml-layout":"","theme-transparent-header-meta":"","adv-header-id-meta":"","stick-header-meta":"","header-above-stick-meta":"","header-main-stick-meta":"","header-below-stick-meta":"","astra-migrate-meta-layouts":"set","ast-page-background-enabled":"default","ast-page-background-meta":{"desktop":{"background-color":"","background-image":"","background-repeat":"repeat","background-position":"center center","background-size":"auto","background-attachment":"scroll","background-type":"","background-media":"","overlay-type":"","overlay-color":"","overlay-opacity":"","overlay-gradient":""},"tablet":{"background-color":"","background-image":"","background-repeat":"repeat","background-position":"center center","background-size":"auto","background-attachment":"scroll","background-type":"","background-media":"","overlay-type":"","overlay-color":"","overlay-opacity":"","overlay-gradient":""},"mobile":{"background-color":"","background-image":"","background-repeat":"repeat","background-position":"center center","background-size":"auto","background-attachment":"scroll","background-type":"","background-media":"","overlay-type":"","overlay-color":"","overlay-opacity":"","overlay-gradient":""}},"ast-content-background-meta":{"desktop":{"background-color":"var(--ast-global-color-5)","background-image":"","background-repeat":"repeat","background-position":"center center","background-size":"auto","background-attachment":"scroll","background-type":"","background-media":"","overlay-type":"","overlay-color":"","overlay-opacity":"","overlay-gradient":""},"tablet":{"background-color":"var(--ast-global-color-5)","background-image":"","background-repeat":"repeat","background-position":"center center","background-size":"auto","background-attachment":"scroll","background-type":"","background-media":"","overlay-type":"","overlay-color":"","overlay-opacity":"","overlay-gradient":""},"mobile":{"background-color":"var(--ast-global-color-5)","background-image":"","background-repeat":"repeat","background-position":"center center","background-size":"auto","background-attachment":"scroll","background-type":"","background-media":"","overlay-type":"","overlay-color":"","overlay-opacity":"","overlay-gradient":""}},"footnotes":""},"class_list":["post-692","page","type-page","status-publish","hentry"],"_links":{"self":[{"href":"https:\/\/geonautit.fi\/en\/wp-json\/wp\/v2\/pages\/692"}],"collection":[{"href":"https:\/\/geonautit.fi\/en\/wp-json\/wp\/v2\/pages"}],"about":[{"href":"https:\/\/geonautit.fi\/en\/wp-json\/wp\/v2\/types\/page"}],"author":[{"embeddable":true,"href":"https:\/\/geonautit.fi\/en\/wp-json\/wp\/v2\/users\/10"}],"replies":[{"embeddable":true,"href":"https:\/\/geonautit.fi\/en\/wp-json\/wp\/v2\/comments?post=692"}],"version-history":[{"count":9,"href":"https:\/\/geonautit.fi\/en\/wp-json\/wp\/v2\/pages\/692\/revisions"}],"predecessor-version":[{"id":950,"href":"https:\/\/geonautit.fi\/en\/wp-json\/wp\/v2\/pages\/692\/revisions\/950"}],"up":[{"embeddable":true,"href":"https:\/\/geonautit.fi\/en\/wp-json\/wp\/v2\/pages\/179"}],"wp:attachment":[{"href":"https:\/\/geonautit.fi\/en\/wp-json\/wp\/v2\/media?parent=692"}],"curies":[{"name":"wp","href":"https:\/\/api.w.org\/{rel}","templated":true}]}}