{"id":377,"date":"2022-10-04T15:12:41","date_gmt":"2022-10-04T15:12:41","guid":{"rendered":"https:\/\/www.geonautit.fi\/?page_id=377"},"modified":"2023-03-11T12:40:11","modified_gmt":"2023-03-11T12:40:11","slug":"majoitus","status":"publish","type":"page","link":"https:\/\/geonautit.fi\/en\/urbanhel\/majoitus\/","title":{"rendered":"Accommodation"},"content":{"rendered":"<p>In the Helsinki area there are plenty of accommodation options: hotels, hostels, camping sites and private accommodations.<\/p>\n\n\n\n<p>As partners of UrbanHEL2023, Omena Hotels and Scandic Hotels are offering a discount for the visitors of UrbanHEL 2023 Mega-event.<\/p>\n\n\n\n<h2 class=\"wp-block-heading\">Omena Hotels<\/h2>\n\n\n\n<figure class=\"wp-block-image alignright size-medium is-resized\"><a href=\"https:\/\/www.omenahotels.com\/en\/\"><img decoding=\"async\" src=\"https:\/\/www.geonautit.fi\/wp-content\/uploads\/2022\/10\/Logo_4-004-264x300.png\" alt=\"Omena hotels\" class=\"wp-image-385\" width=\"150\" srcset=\"\" sizes=\"(max-width: 264px) 100vw, 264px\" data-srcset=\"\" \/><\/a><\/figure>\n\n\n\n<p><strong>Discount code<\/strong>: GEONAUTIT23<br>With this code You will receive a 10% discount of reservations during 21st to 27th August, 2023.<\/p>\n\n\n\n<p>The discount code is valid on Hotels at Helsinki, L\u00f6nnrotinkatu and Helsinki, Yrj\u00f6nkatu. At L\u00f6nnrotinkatu there are 36 single rooms, other rooms are for 2 to 4 persons.<\/p>\n\n\n\n<p><strong>The addresses of the Omena Hotels<\/strong><br>L\u00f6nnrotinkatu 13, 00120 Helsinki<br>Yrj\u00f6nkatu 30, 00100 Helsinki<\/p>\n\n\n\n<h2 class=\"wp-block-heading\">Scandic Hotels<\/h2>\n\n\n\n<figure class=\"wp-block-image alignright size-medium is-resized\"><a href=\"https:\/\/www.scandichotels.com\/?_ga=2.195794415.2115094016.1667476277-114441393.1667476277\"><img loading=\"lazy\" decoding=\"async\" src=\"https:\/\/www.geonautit.fi\/wp-content\/uploads\/2022\/10\/scandiclogo-300x63.png\" alt=\"Scandic hotels\" class=\"wp-image-386\" width=\"141\" height=\"29\" srcset=\"\" sizes=\"(max-width: 141px) 100vw, 141px\" data-srcset=\"\" \/><\/a><\/figure>\n\n\n\n<p><strong>Discount code<\/strong>: BGEO260823<br>With this code you will receive a discount for room reservations during August 26th to 27th, 2023.<\/p>\n\n\n\n<p>The discount code is valid in the following hotels: Scandic Hakaniemi, Scandic Kallio and Scandic Paasi.<\/p>\n\n\n\n<p><strong>Scandic Kallio<br><\/strong>L\u00e4ntinen Brahenkatu 2, 00510 HELSINKI<\/p>\n\n\n\n<p>79 \u20ac single room \/ day<br>99 \u20ac twin or double room \/ day<\/p>\n\n\n\n<p><strong>Scandic Hakaniemi<\/strong><br>Siltakaarenkatu 14, 00530 HELSINKI<\/p>\n\n\n\n<p>85 \u20ac single room \/ day<br>105 \u20ac twin or double room \/ day<\/p>\n\n\n\n<p><strong>Scandic Paasi<\/strong><br>Paasivuorenkatu 5 B, 00530 HELSINKI<\/p>\n\n\n\n<p>105 \u20ac single room \/ day<br>125 \u20ac twin or double room \/ day<\/p>\n\n\n\n<h2 class=\"wp-block-heading\">Hotel Arthur<\/h2>\n\n\n\n<p><strong>Discount code<\/strong>: URBANHEL23<br>Koodilla saa 10%:n alennuksen huonevarauksista 25.-28.8.2023 sivustolla <a href=\"http:\/\/www.hotelarthur.fi\">www.hotelarthur.fi<\/a><\/p>\n\n\n\n<figure class=\"wp-block-image alignright size-full is-resized\"><img loading=\"lazy\" decoding=\"async\" src=\"https:\/\/www.geonautit.fi\/wp-content\/uploads\/2023\/03\/arthurlogo.png\" alt=\"\" class=\"wp-image-578\" width=\"200\" height=\"150\" srcset=\"https:\/\/geonautit.fi\/wp-content\/uploads\/2023\/03\/arthurlogo.png 400w, https:\/\/geonautit.fi\/wp-content\/uploads\/2023\/03\/arthurlogo-300x225.png 300w, https:\/\/geonautit.fi\/wp-content\/uploads\/2023\/03\/arthurlogo-16x12.png 16w\" sizes=\"(max-width: 200px) 100vw, 200px\" \/><\/figure>\n\n\n\n<p><strong>Hotel Arthurin osoite<\/strong><br>Vuorikatu 19<\/p>\n\n\n\n<p><br>00100 Helsinki, Finland<\/p>\n\n\n\n<p><\/p>\n\n\n\n<p><\/p>","protected":false},"excerpt":{"rendered":"<p>Helsingin seudulla on monipuolisesti majoitustarjontaa: hotelleja, hostelleja, leirint\u00e4alueita sek\u00e4 yksityismajoitusta. UrbanHEL 2023 -tapahtumalla on yhteisty\u00f6kumppaneina Omena Hotels ja Scandic Hotels, joihin on tarjolla alennuskoodi Mega-tapahtuman vieraille. Omena Hotels Alennuskoodi: GEONAUTIT23Koodilla saa 10% alennuksen huonevarauksista ajalta 21.-27.8. 2023 Alennuksen saa L\u00f6nnrotinkadun ja Yrj\u00f6nkadun hotelleista. L\u00f6nnrotinkadulla on 36 kpl yhden hengen huoneita, muut huoneet ovat 2-4 hengen [&hellip;]<\/p>","protected":false},"author":10,"featured_media":0,"parent":136,"menu_order":2,"comment_status":"closed","ping_status":"closed","template":"","meta":{"site-sidebar-layout":"default","site-content-layout":"","ast-site-content-layout":"","site-content-style":"default","site-sidebar-style":"default","ast-global-header-display":"","ast-banner-title-visibility":"","ast-main-header-display":"","ast-hfb-above-header-display":"","ast-hfb-below-header-display":"","ast-hfb-mobile-header-display":"","site-post-title":"","ast-breadcrumbs-content":"","ast-featured-img":"","footer-sml-layout":"","theme-transparent-header-meta":"","adv-header-id-meta":"","stick-header-meta":"","header-above-stick-meta":"","header-main-stick-meta":"","header-below-stick-meta":"","astra-migrate-meta-layouts":"default","ast-page-background-enabled":"default","ast-page-background-meta":{"desktop":{"background-color":"","background-image":"","background-repeat":"repeat","background-position":"center center","background-size":"auto","background-attachment":"scroll","background-type":"","background-media":"","overlay-type":"","overlay-color":"","overlay-opacity":"","overlay-gradient":""},"tablet":{"background-color":"","background-image":"","background-repeat":"repeat","background-position":"center center","background-size":"auto","background-attachment":"scroll","background-type":"","background-media":"","overlay-type":"","overlay-color":"","overlay-opacity":"","overlay-gradient":""},"mobile":{"background-color":"","background-image":"","background-repeat":"repeat","background-position":"center center","background-size":"auto","background-attachment":"scroll","background-type":"","background-media":"","overlay-type":"","overlay-color":"","overlay-opacity":"","overlay-gradient":""}},"ast-content-background-meta":{"desktop":{"background-color":"var(--ast-global-color-5)","background-image":"","background-repeat":"repeat","background-position":"center center","background-size":"auto","background-attachment":"scroll","background-type":"","background-media":"","overlay-type":"","overlay-color":"","overlay-opacity":"","overlay-gradient":""},"tablet":{"background-color":"var(--ast-global-color-5)","background-image":"","background-repeat":"repeat","background-position":"center center","background-size":"auto","background-attachment":"scroll","background-type":"","background-media":"","overlay-type":"","overlay-color":"","overlay-opacity":"","overlay-gradient":""},"mobile":{"background-color":"var(--ast-global-color-5)","background-image":"","background-repeat":"repeat","background-position":"center center","background-size":"auto","background-attachment":"scroll","background-type":"","background-media":"","overlay-type":"","overlay-color":"","overlay-opacity":"","overlay-gradient":""}},"footnotes":""},"class_list":["post-377","page","type-page","status-publish","hentry"],"_links":{"self":[{"href":"https:\/\/geonautit.fi\/en\/wp-json\/wp\/v2\/pages\/377"}],"collection":[{"href":"https:\/\/geonautit.fi\/en\/wp-json\/wp\/v2\/pages"}],"about":[{"href":"https:\/\/geonautit.fi\/en\/wp-json\/wp\/v2\/types\/page"}],"author":[{"embeddable":true,"href":"https:\/\/geonautit.fi\/en\/wp-json\/wp\/v2\/users\/10"}],"replies":[{"embeddable":true,"href":"https:\/\/geonautit.fi\/en\/wp-json\/wp\/v2\/comments?post=377"}],"version-history":[{"count":9,"href":"https:\/\/geonautit.fi\/en\/wp-json\/wp\/v2\/pages\/377\/revisions"}],"predecessor-version":[{"id":579,"href":"https:\/\/geonautit.fi\/en\/wp-json\/wp\/v2\/pages\/377\/revisions\/579"}],"up":[{"embeddable":true,"href":"https:\/\/geonautit.fi\/en\/wp-json\/wp\/v2\/pages\/136"}],"wp:attachment":[{"href":"https:\/\/geonautit.fi\/en\/wp-json\/wp\/v2\/media?parent=377"}],"curies":[{"name":"wp","href":"https:\/\/api.w.org\/{rel}","templated":true}]}}