{"id":20,"date":"2021-06-18T11:52:55","date_gmt":"2021-06-18T11:52:55","guid":{"rendered":"https:\/\/www.geonautit.fi\/?page_id=20"},"modified":"2026-03-24T08:00:38","modified_gmt":"2026-03-24T08:00:38","slug":"yhteystiedot","status":"publish","type":"page","link":"https:\/\/geonautit.fi\/en\/yhteystiedot\/","title":{"rendered":"Contacts"},"content":{"rendered":"<p>Geonautit ry on Suomen ladun j\u00e4senyhdistys. Yhdistyksemme tavoite on edist\u00e4\u00e4 geok\u00e4tk\u00f6ilyharrastusta kaikin tavoin Suomessa.<\/p>\n\n\n\n<p>Y-tunnus: 2416514-1<br>Puhelin: 0503416003<br>S\u00e4hk\u00f6posti: info@geonautit.fi<\/p>\n\n\n\n<h2 class=\"wp-block-heading\"><strong>J\u00e4seneksi p\u00e4\u00e4set liittym\u00e4\u00e4n <a href=\"https:\/\/suomenlatu.crmieportal.com\/public\/membership\/new\/139888\">this page<\/a>.<\/strong><\/h2>\n\n\n\n<p><strong>J\u00e4senmaksut 2026:<\/strong><br>-Henkil\u00f6j\u00e4senyys: 25 \u20ac<br>-Perhej\u00e4senyys: 35 \u20ac<br>-Nuoriso- ja opiskelijaj\u00e4senyys: 12 \u20ac<br>-Rinnakkaisj\u00e4senyys: 12 \u20ac<\/p>\n\n\n\n<h2 class=\"wp-block-heading\"><br><strong><a href=\"https:\/\/docs.google.com\/forms\/d\/e\/1FAIpQLSdofUi9Vj0SAEMHmoQ64pZ_iqQAMCWOhgC1aJj60QcvHsN63w\/viewform\" data-type=\"link\" data-id=\"https:\/\/docs.google.com\/forms\/d\/e\/1FAIpQLSdofUi9Vj0SAEMHmoQ64pZ_iqQAMCWOhgC1aJj60QcvHsN63w\/viewform\">Hae tukea Geonauteilta<\/a><\/strong><\/h2>\n\n\n\n<p><\/p>","protected":false},"excerpt":{"rendered":"<p>Geonautit ry on Suomen ladun j\u00e4senyhdistys. Yhdistyksemme tavoite on edist\u00e4\u00e4 geok\u00e4tk\u00f6ilyharrastusta kaikin tavoin Suomessa. Y-tunnus: 2416514-1Puhelin: 0503416003S\u00e4hk\u00f6posti: info@geonautit.fi J\u00e4seneksi p\u00e4\u00e4set liittym\u00e4\u00e4n t\u00e4\u00e4lt\u00e4. J\u00e4senmaksut 2026:-Henkil\u00f6j\u00e4senyys: 25 \u20ac-Perhej\u00e4senyys: 35 \u20ac-Nuoriso- ja opiskelijaj\u00e4senyys: 12 \u20ac-Rinnakkaisj\u00e4senyys: 12 \u20ac Hae tukea Geonauteilta<\/p>","protected":false},"author":1,"featured_media":0,"parent":0,"menu_order":2,"comment_status":"closed","ping_status":"closed","template":"","meta":{"site-sidebar-layout":"default","site-content-layout":"default","ast-site-content-layout":"default","site-content-style":"default","site-sidebar-style":"default","ast-global-header-display":"","ast-banner-title-visibility":"","ast-main-header-display":"","ast-hfb-above-header-display":"","ast-hfb-below-header-display":"","ast-hfb-mobile-header-display":"","site-post-title":"","ast-breadcrumbs-content":"","ast-featured-img":"","footer-sml-layout":"","theme-transparent-header-meta":"default","adv-header-id-meta":"","stick-header-meta":"","header-above-stick-meta":"","header-main-stick-meta":"","header-below-stick-meta":"","astra-migrate-meta-layouts":"set","ast-page-background-enabled":"default","ast-page-background-meta":{"desktop":{"background-color":"","background-image":"","background-repeat":"repeat","background-position":"center center","background-size":"auto","background-attachment":"scroll","background-type":"","background-media":"","overlay-type":"","overlay-color":"","overlay-opacity":"","overlay-gradient":""},"tablet":{"background-color":"","background-image":"","background-repeat":"repeat","background-position":"center center","background-size":"auto","background-attachment":"scroll","background-type":"","background-media":"","overlay-type":"","overlay-color":"","overlay-opacity":"","overlay-gradient":""},"mobile":{"background-color":"","background-image":"","background-repeat":"repeat","background-position":"center center","background-size":"auto","background-attachment":"scroll","background-type":"","background-media":"","overlay-type":"","overlay-color":"","overlay-opacity":"","overlay-gradient":""}},"ast-content-background-meta":{"desktop":{"background-color":"var(--ast-global-color-5)","background-image":"","background-repeat":"repeat","background-position":"center center","background-size":"auto","background-attachment":"scroll","background-type":"","background-media":"","overlay-type":"","overlay-color":"","overlay-opacity":"","overlay-gradient":""},"tablet":{"background-color":"var(--ast-global-color-5)","background-image":"","background-repeat":"repeat","background-position":"center center","background-size":"auto","background-attachment":"scroll","background-type":"","background-media":"","overlay-type":"","overlay-color":"","overlay-opacity":"","overlay-gradient":""},"mobile":{"background-color":"var(--ast-global-color-5)","background-image":"","background-repeat":"repeat","background-position":"center center","background-size":"auto","background-attachment":"scroll","background-type":"","background-media":"","overlay-type":"","overlay-color":"","overlay-opacity":"","overlay-gradient":""}},"footnotes":""},"class_list":["post-20","page","type-page","status-publish","hentry"],"_links":{"self":[{"href":"https:\/\/geonautit.fi\/en\/wp-json\/wp\/v2\/pages\/20"}],"collection":[{"href":"https:\/\/geonautit.fi\/en\/wp-json\/wp\/v2\/pages"}],"about":[{"href":"https:\/\/geonautit.fi\/en\/wp-json\/wp\/v2\/types\/page"}],"author":[{"embeddable":true,"href":"https:\/\/geonautit.fi\/en\/wp-json\/wp\/v2\/users\/1"}],"replies":[{"embeddable":true,"href":"https:\/\/geonautit.fi\/en\/wp-json\/wp\/v2\/comments?post=20"}],"version-history":[{"count":17,"href":"https:\/\/geonautit.fi\/en\/wp-json\/wp\/v2\/pages\/20\/revisions"}],"predecessor-version":[{"id":1022,"href":"https:\/\/geonautit.fi\/en\/wp-json\/wp\/v2\/pages\/20\/revisions\/1022"}],"wp:attachment":[{"href":"https:\/\/geonautit.fi\/en\/wp-json\/wp\/v2\/media?parent=20"}],"curies":[{"name":"wp","href":"https:\/\/api.w.org\/{rel}","templated":true}]}}