{"id":184,"date":"2022-02-05T14:33:47","date_gmt":"2022-02-05T14:33:47","guid":{"rendered":"https:\/\/www.geonautit.fi\/?page_id=184"},"modified":"2023-08-16T11:59:26","modified_gmt":"2023-08-16T11:59:26","slug":"sponsorit","status":"publish","type":"page","link":"https:\/\/geonautit.fi\/en\/urbanhel\/sponsorit\/","title":{"rendered":"Sponsors"},"content":{"rendered":"<p> <\/p>\n\n\n\n<h2 class=\"wp-block-heading\" id=\"myyntipaikat-seka-sponsorit\">Would you like to sponsor our event or become a vendor?<\/h2>\n\n\n\n<p>At the Mega-Event you will find geocachers who like to spend time outdoors, travel around, and are interested in technology. The participants will be eager to hear about the products and services your company offers and sells. We are expecting around 3000 participants during the day. We offer various kinds of packages for our sponsors.<\/p>\n\n\n\n<p>For vendors will have sales booths inside the event hall and also outside right next to the building.<\/p>\n\n\n\n<p>If you would like to sponsor our event or join as a vendor to sell and present your company \/ services at the event, please contact us via the link below.<\/p>\n\n\n\n<p><a href=\"mailto:info@geonautit.fi?subject=I want more info about selling space \/ sponsoring the event.\">I would like to get more info on sales booths \/ sponsoring the event.<\/a>.<\/p>\n\n\n\n<div class=\"wp-block-columns is-layout-flex wp-container-core-columns-is-layout-1 wp-block-columns-is-layout-flex\">\n<div class=\"wp-block-column is-layout-flow wp-block-column-is-layout-flow\">\n<h4 class=\"wp-block-heading\" id=\"service-title\">What is geocaching?<\/h4>\n\n\n\n<p><strong>Geocaching<\/strong> is an outdoor hobby where people search for hidden objects called geocaches hidden by other geocachers. To search for geocaches you need a handheld GPS or a mobile phone with a geocaching application.<\/p>\n\n\n\n<p>Please have a look at these introductory videos about geocaching: <a rel=\"noreferrer noopener\" href=\"https:\/\/www.youtube.com\/watch?v=vuFiLhhCNww\" target=\"_blank\">introduction video by Geocaching.com<\/a> about geocaching.<br>Learn more from <a rel=\"noreferrer noopener\" href=\"https:\/\/www.geocaching.com\/sites\/education\/fi\/\" target=\"_blank\">geocaching.com 101<\/a>.<\/p>\n<\/div>\n\n\n\n<div class=\"wp-block-column is-layout-flow wp-block-column-is-layout-flow\">\n<h4 class=\"wp-block-heading\" id=\"service-title\">What is a geocaching Mega-Event?<\/h4>\n\n\n\n<p><strong>Mega-Events<\/strong> have been held in Finland since 2011. In the events geocachers gather to meet other geocaching enthusiasts. Mega-Event is comparable to a trade fair.<\/p>\n\n\n\n<p><strong>We expect up to 3,000 participants from Finland and abroad to the Mega-Event in Helsinki.<\/strong><\/p>\n<\/div>\n<\/div>\n\n\n\n<h2 class=\"wp-block-heading\">Sponsors<\/h2>\n\n\n\n<div class=\"wp-block-columns is-layout-flex wp-container-core-columns-is-layout-2 wp-block-columns-is-layout-flex\">\n<div class=\"wp-block-column is-layout-flow wp-block-column-is-layout-flow\">\n<figure class=\"wp-block-image size-large is-resized\"><a href=\"https:\/\/www.geocaching.com\"><img loading=\"lazy\" decoding=\"async\" src=\"https:\/\/www.geonautit.fi\/wp-content\/uploads\/2022\/02\/Logo_Geocaching_Emerald-1024x393.png\" alt=\"\" class=\"wp-image-185\" width=\"428\" height=\"165\" srcset=\"https:\/\/geonautit.fi\/wp-content\/uploads\/2022\/02\/Logo_Geocaching_Emerald-1024x393.png 1024w, https:\/\/geonautit.fi\/wp-content\/uploads\/2022\/02\/Logo_Geocaching_Emerald-300x115.png 300w, https:\/\/geonautit.fi\/wp-content\/uploads\/2022\/02\/Logo_Geocaching_Emerald-768x295.png 768w, https:\/\/geonautit.fi\/wp-content\/uploads\/2022\/02\/Logo_Geocaching_Emerald-1536x590.png 1536w, https:\/\/geonautit.fi\/wp-content\/uploads\/2022\/02\/Logo_Geocaching_Emerald-18x7.png 18w, https:\/\/geonautit.fi\/wp-content\/uploads\/2022\/02\/Logo_Geocaching_Emerald.png 1546w\" sizes=\"(max-width: 428px) 100vw, 428px\" \/><\/a><\/figure>\n\n\n\n<figure class=\"wp-block-image size-medium is-resized\"><a href=\"https:\/\/www.hel.fi\"><img loading=\"lazy\" decoding=\"async\" src=\"https:\/\/www.geonautit.fi\/wp-content\/uploads\/2023\/03\/medium_Helsinki_kehystunnus_musta_png-300x138.jpg\" alt=\"\" class=\"wp-image-574\" width=\"428\" height=\"197\" srcset=\"https:\/\/geonautit.fi\/wp-content\/uploads\/2023\/03\/medium_Helsinki_kehystunnus_musta_png-300x138.jpg 300w, https:\/\/geonautit.fi\/wp-content\/uploads\/2023\/03\/medium_Helsinki_kehystunnus_musta_png-18x8.jpg 18w, https:\/\/geonautit.fi\/wp-content\/uploads\/2023\/03\/medium_Helsinki_kehystunnus_musta_png.jpg 600w\" sizes=\"(max-width: 428px) 100vw, 428px\" \/><\/a><\/figure>\n\n\n\n<figure class=\"wp-block-image size-large is-resized\"><a href=\"https:\/\/www.visitporvoo.fi\/\"><img decoding=\"async\" src=\"https:\/\/www.geonautit.fi\/wp-content\/uploads\/2023\/06\/VisitPorvoo-logo-300ppi-1024x446.png\" alt=\"\" class=\"wp-image-659\" width=\"428\" srcset=\"https:\/\/geonautit.fi\/wp-content\/uploads\/2023\/06\/VisitPorvoo-logo-300ppi-1024x446.png 1024w, https:\/\/geonautit.fi\/wp-content\/uploads\/2023\/06\/VisitPorvoo-logo-300ppi-300x131.png 300w, https:\/\/geonautit.fi\/wp-content\/uploads\/2023\/06\/VisitPorvoo-logo-300ppi-768x334.png 768w, https:\/\/geonautit.fi\/wp-content\/uploads\/2023\/06\/VisitPorvoo-logo-300ppi-1536x668.png 1536w, https:\/\/geonautit.fi\/wp-content\/uploads\/2023\/06\/VisitPorvoo-logo-300ppi-2048x891.png 2048w, https:\/\/geonautit.fi\/wp-content\/uploads\/2023\/06\/VisitPorvoo-logo-300ppi-18x8.png 18w\" sizes=\"(max-width: 1024px) 100vw, 1024px\" \/><\/a><\/figure>\n\n\n\n<figure class=\"wp-block-image size-large is-resized\"><a href=\"https:\/\/www.pielavesi.fi\"><img decoding=\"async\" src=\"https:\/\/www.geonautit.fi\/wp-content\/uploads\/2023\/06\/Logo_vihrea-1024x230.png\" alt=\"\" class=\"wp-image-662\" width=\"428\" srcset=\"https:\/\/geonautit.fi\/wp-content\/uploads\/2023\/06\/Logo_vihrea-1024x230.png 1024w, https:\/\/geonautit.fi\/wp-content\/uploads\/2023\/06\/Logo_vihrea-300x67.png 300w, https:\/\/geonautit.fi\/wp-content\/uploads\/2023\/06\/Logo_vihrea-768x172.png 768w, https:\/\/geonautit.fi\/wp-content\/uploads\/2023\/06\/Logo_vihrea-1536x344.png 1536w, https:\/\/geonautit.fi\/wp-content\/uploads\/2023\/06\/Logo_vihrea-2048x459.png 2048w, https:\/\/geonautit.fi\/wp-content\/uploads\/2023\/06\/Logo_vihrea-18x4.png 18w\" sizes=\"(max-width: 1024px) 100vw, 1024px\" \/><\/a><\/figure>\n\n\n\n<figure class=\"wp-block-image size-medium is-resized\"><a href=\"https:\/\/irtimaasta.fi\"><img loading=\"lazy\" decoding=\"async\" src=\"https:\/\/www.geonautit.fi\/wp-content\/uploads\/2022\/11\/irtimaasta-300x151.png\" alt=\"\" class=\"wp-image-496\" width=\"428\" height=\"215\" srcset=\"https:\/\/geonautit.fi\/wp-content\/uploads\/2022\/11\/irtimaasta-300x151.png 300w, https:\/\/geonautit.fi\/wp-content\/uploads\/2022\/11\/irtimaasta-1024x516.png 1024w, https:\/\/geonautit.fi\/wp-content\/uploads\/2022\/11\/irtimaasta-768x387.png 768w, https:\/\/geonautit.fi\/wp-content\/uploads\/2022\/11\/irtimaasta-1536x775.png 1536w, https:\/\/geonautit.fi\/wp-content\/uploads\/2022\/11\/irtimaasta-18x9.png 18w, https:\/\/geonautit.fi\/wp-content\/uploads\/2022\/11\/irtimaasta.png 1598w\" sizes=\"(max-width: 428px) 100vw, 428px\" \/><\/a><\/figure>\n\n\n\n<figure class=\"wp-block-image size-full is-resized\"><a href=\"https:\/\/www.maston.fi\/fi\/\"><img loading=\"lazy\" decoding=\"async\" src=\"https:\/\/www.geonautit.fi\/wp-content\/uploads\/2023\/03\/Maston_rgb-logo_400px.jpg\" alt=\"\" class=\"wp-image-580\" width=\"428\" height=\"111\" srcset=\"https:\/\/geonautit.fi\/wp-content\/uploads\/2023\/03\/Maston_rgb-logo_400px.jpg 400w, https:\/\/geonautit.fi\/wp-content\/uploads\/2023\/03\/Maston_rgb-logo_400px-300x78.jpg 300w, https:\/\/geonautit.fi\/wp-content\/uploads\/2023\/03\/Maston_rgb-logo_400px-18x5.jpg 18w\" sizes=\"(max-width: 428px) 100vw, 428px\" \/><\/a><\/figure>\n\n\n\n<figure class=\"wp-block-image size-full\"><a href=\"https:\/\/lejos.fi\/tuotteet\/ellas-kitchen\/\"><img loading=\"lazy\" decoding=\"async\" width=\"180\" height=\"180\" src=\"https:\/\/www.geonautit.fi\/wp-content\/uploads\/2023\/07\/Lejos-Ellas.png\" alt=\"\" class=\"wp-image-714\" srcset=\"https:\/\/geonautit.fi\/wp-content\/uploads\/2023\/07\/Lejos-Ellas.png 180w, https:\/\/geonautit.fi\/wp-content\/uploads\/2023\/07\/Lejos-Ellas-150x150.png 150w, https:\/\/geonautit.fi\/wp-content\/uploads\/2023\/07\/Lejos-Ellas-12x12.png 12w\" sizes=\"(max-width: 180px) 100vw, 180px\" \/><\/a><\/figure>\n\n\n\n<figure class=\"wp-block-image size-large is-resized\"><a href=\"https:\/\/www.se.com\/fi\/fi\/home\/smart-home\/local\/wiser\/homeowner.jsp\"><img loading=\"lazy\" decoding=\"async\" src=\"https:\/\/www.geonautit.fi\/wp-content\/uploads\/2023\/08\/wiser_logo-1024x329.png\" alt=\"\" class=\"wp-image-812\" width=\"428\" height=\"138\" srcset=\"https:\/\/geonautit.fi\/wp-content\/uploads\/2023\/08\/wiser_logo-1024x329.png 1024w, https:\/\/geonautit.fi\/wp-content\/uploads\/2023\/08\/wiser_logo-300x96.png 300w, https:\/\/geonautit.fi\/wp-content\/uploads\/2023\/08\/wiser_logo-768x246.png 768w, https:\/\/geonautit.fi\/wp-content\/uploads\/2023\/08\/wiser_logo-1536x493.png 1536w, https:\/\/geonautit.fi\/wp-content\/uploads\/2023\/08\/wiser_logo-18x6.png 18w, https:\/\/geonautit.fi\/wp-content\/uploads\/2023\/08\/wiser_logo.png 1602w\" sizes=\"(max-width: 428px) 100vw, 428px\" \/><\/a><\/figure>\n<\/div>\n\n\n\n<div class=\"wp-block-column is-layout-flow wp-block-column-is-layout-flow\">\n<figure class=\"wp-block-image size-full is-resized\"><a href=\"https:\/\/www.kivenalla.fi\/epages\/kivenalla.sf\/en_GB\/\"><img loading=\"lazy\" decoding=\"async\" src=\"https:\/\/www.geonautit.fi\/wp-content\/uploads\/2022\/02\/kivenalla_newlogo_kaikkea_geokatkoilyyn.png\" alt=\"\" class=\"wp-image-189\" width=\"428\" height=\"90\" srcset=\"https:\/\/geonautit.fi\/wp-content\/uploads\/2022\/02\/kivenalla_newlogo_kaikkea_geokatkoilyyn.png 428w, https:\/\/geonautit.fi\/wp-content\/uploads\/2022\/02\/kivenalla_newlogo_kaikkea_geokatkoilyyn-300x63.png 300w, https:\/\/geonautit.fi\/wp-content\/uploads\/2022\/02\/kivenalla_newlogo_kaikkea_geokatkoilyyn-18x4.png 18w\" sizes=\"(max-width: 428px) 100vw, 428px\" \/><\/a><\/figure>\n\n\n\n<figure class=\"wp-block-image size-medium is-resized\"><a href=\"https:\/\/www.suomenlatu.fi\"><img loading=\"lazy\" decoding=\"async\" src=\"https:\/\/www.geonautit.fi\/wp-content\/uploads\/2023\/04\/sl_logo-300x91.png\" alt=\"\" class=\"wp-image-584\" width=\"428\" height=\"128\" srcset=\"https:\/\/geonautit.fi\/wp-content\/uploads\/2023\/04\/sl_logo-300x91.png 300w, https:\/\/geonautit.fi\/wp-content\/uploads\/2023\/04\/sl_logo-18x5.png 18w\" sizes=\"(max-width: 428px) 100vw, 428px\" \/><\/a><\/figure>\n\n\n\n<figure class=\"wp-block-image size-medium is-resized\"><img loading=\"lazy\" decoding=\"async\" src=\"https:\/\/www.geonautit.fi\/wp-content\/uploads\/2023\/05\/FabPatch_Vaatelaastari-2-300x126.png\" alt=\"\" class=\"wp-image-609\" width=\"428\" height=\"180\" srcset=\"https:\/\/geonautit.fi\/wp-content\/uploads\/2023\/05\/FabPatch_Vaatelaastari-2-300x126.png 300w, https:\/\/geonautit.fi\/wp-content\/uploads\/2023\/05\/FabPatch_Vaatelaastari-2-1024x431.png 1024w, https:\/\/geonautit.fi\/wp-content\/uploads\/2023\/05\/FabPatch_Vaatelaastari-2-768x323.png 768w, https:\/\/geonautit.fi\/wp-content\/uploads\/2023\/05\/FabPatch_Vaatelaastari-2-18x8.png 18w, https:\/\/geonautit.fi\/wp-content\/uploads\/2023\/05\/FabPatch_Vaatelaastari-2.png 1364w\" sizes=\"(max-width: 428px) 100vw, 428px\" \/><\/figure>\n\n\n\n<figure class=\"wp-block-image size-large is-resized\"><a href=\"https:\/\/www.energizet.fi\"><img decoding=\"async\" src=\"https:\/\/www.geonautit.fi\/wp-content\/uploads\/2023\/06\/Energizet-nimi-1024x344.png\" alt=\"\" class=\"wp-image-655\" width=\"428\" srcset=\"https:\/\/geonautit.fi\/wp-content\/uploads\/2023\/06\/Energizet-nimi-1024x344.png 1024w, https:\/\/geonautit.fi\/wp-content\/uploads\/2023\/06\/Energizet-nimi-300x101.png 300w, https:\/\/geonautit.fi\/wp-content\/uploads\/2023\/06\/Energizet-nimi-768x258.png 768w, https:\/\/geonautit.fi\/wp-content\/uploads\/2023\/06\/Energizet-nimi-18x6.png 18w, https:\/\/geonautit.fi\/wp-content\/uploads\/2023\/06\/Energizet-nimi.png 1320w\" sizes=\"(max-width: 1024px) 100vw, 1024px\" \/><\/a><\/figure>\n\n\n\n<figure class=\"wp-block-image size-full is-resized\"><a href=\"https:\/\/www.kerava.fi\"><img decoding=\"async\" src=\"https:\/\/www.geonautit.fi\/wp-content\/uploads\/2023\/06\/Kerava_Sininen_Tumma.png\" alt=\"\" class=\"wp-image-660\" width=\"428\" srcset=\"https:\/\/geonautit.fi\/wp-content\/uploads\/2023\/06\/Kerava_Sininen_Tumma.png 1024w, https:\/\/geonautit.fi\/wp-content\/uploads\/2023\/06\/Kerava_Sininen_Tumma-300x99.png 300w, https:\/\/geonautit.fi\/wp-content\/uploads\/2023\/06\/Kerava_Sininen_Tumma-768x254.png 768w, https:\/\/geonautit.fi\/wp-content\/uploads\/2023\/06\/Kerava_Sininen_Tumma-18x6.png 18w\" sizes=\"(max-width: 1024px) 100vw, 1024px\" \/><\/a><\/figure>\n\n\n\n<figure class=\"wp-block-image size-large is-resized\"><a href=\"https:\/\/www.visitpori.fi\"><img decoding=\"async\" src=\"https:\/\/www.geonautit.fi\/wp-content\/uploads\/2023\/06\/Pori_ja_karhu-1024x576.png\" alt=\"\" class=\"wp-image-661\" width=\"428\" srcset=\"https:\/\/geonautit.fi\/wp-content\/uploads\/2023\/06\/Pori_ja_karhu-1024x576.png 1024w, https:\/\/geonautit.fi\/wp-content\/uploads\/2023\/06\/Pori_ja_karhu-300x169.png 300w, https:\/\/geonautit.fi\/wp-content\/uploads\/2023\/06\/Pori_ja_karhu-768x432.png 768w, https:\/\/geonautit.fi\/wp-content\/uploads\/2023\/06\/Pori_ja_karhu-1536x864.png 1536w, https:\/\/geonautit.fi\/wp-content\/uploads\/2023\/06\/Pori_ja_karhu-18x10.png 18w, https:\/\/geonautit.fi\/wp-content\/uploads\/2023\/06\/Pori_ja_karhu.png 1600w\" sizes=\"(max-width: 1024px) 100vw, 1024px\" \/><\/a><\/figure>\n\n\n\n<figure class=\"wp-block-image size-large is-resized\"><a href=\"https:\/\/www.karisto.fi\" target=\"_blank\" rel=\"noreferrer noopener\"><img loading=\"lazy\" decoding=\"async\" src=\"https:\/\/www.geonautit.fi\/wp-content\/uploads\/2023\/06\/karisto-1024x725.jpg\" alt=\"\" class=\"wp-image-681\" width=\"256\" height=\"181\" srcset=\"https:\/\/geonautit.fi\/wp-content\/uploads\/2023\/06\/karisto-1024x725.jpg 1024w, https:\/\/geonautit.fi\/wp-content\/uploads\/2023\/06\/karisto-300x212.jpg 300w, https:\/\/geonautit.fi\/wp-content\/uploads\/2023\/06\/karisto-768x543.jpg 768w, https:\/\/geonautit.fi\/wp-content\/uploads\/2023\/06\/karisto-1536x1087.jpg 1536w, https:\/\/geonautit.fi\/wp-content\/uploads\/2023\/06\/karisto-2048x1449.jpg 2048w, https:\/\/geonautit.fi\/wp-content\/uploads\/2023\/06\/karisto-18x12.jpg 18w\" sizes=\"(max-width: 256px) 100vw, 256px\" \/><\/a><\/figure>\n\n\n\n<figure class=\"wp-block-image size-large is-resized\"><a href=\"https:\/\/lejos.fi\/tuotteet\/gutsy-captain\/\"><img loading=\"lazy\" decoding=\"async\" src=\"https:\/\/www.geonautit.fi\/wp-content\/uploads\/2023\/07\/Lejos-GUTsy-captain-1024x1024.png\" alt=\"\" class=\"wp-image-715\" width=\"256\" height=\"256\" srcset=\"https:\/\/geonautit.fi\/wp-content\/uploads\/2023\/07\/Lejos-GUTsy-captain-1024x1024.png 1024w, https:\/\/geonautit.fi\/wp-content\/uploads\/2023\/07\/Lejos-GUTsy-captain-300x300.png 300w, https:\/\/geonautit.fi\/wp-content\/uploads\/2023\/07\/Lejos-GUTsy-captain-150x150.png 150w, https:\/\/geonautit.fi\/wp-content\/uploads\/2023\/07\/Lejos-GUTsy-captain-768x768.png 768w, https:\/\/geonautit.fi\/wp-content\/uploads\/2023\/07\/Lejos-GUTsy-captain-1536x1536.png 1536w, https:\/\/geonautit.fi\/wp-content\/uploads\/2023\/07\/Lejos-GUTsy-captain-2048x2048.png 2048w, https:\/\/geonautit.fi\/wp-content\/uploads\/2023\/07\/Lejos-GUTsy-captain-12x12.png 12w\" sizes=\"(max-width: 256px) 100vw, 256px\" \/><\/a><\/figure>\n<\/div>\n<\/div>","protected":false},"excerpt":{"rendered":"<p>Haluatko sponsoroida tapahtumaamme? Helsingin Mega-tapahtumassa tavoitat ulkoilusta, matkailusta ja tekniikasta kiinnostuneita harrastajia, joille voit myyd\u00e4 ja esitell\u00e4 yrityksesi tuotteita ja palveluita. Odotamme tapahtumaan jopa 3000 osallistujaa p\u00e4iv\u00e4n aikana. Sponsoroijille on tarjolla eritasoisia paketteja. Myyntipaikkoja l\u00f6ytyy niin Kattilahallin sis\u00e4lt\u00e4 kuin Kattilahallin ulkopuolelta rakennuksen vierest\u00e4. Jos haluat tulla myyj\u00e4ksi tapahtumaan tai sponsoroida tapahtumaamme ja\/tai tulla esittelem\u00e4\u00e4n yrityst\u00e4si [&hellip;]<\/p>","protected":false},"author":2,"featured_media":0,"parent":136,"menu_order":5,"comment_status":"closed","ping_status":"closed","template":"","meta":{"site-sidebar-layout":"default","site-content-layout":"","ast-site-content-layout":"","site-content-style":"default","site-sidebar-style":"default","ast-global-header-display":"","ast-banner-title-visibility":"","ast-main-header-display":"","ast-hfb-above-header-display":"","ast-hfb-below-header-display":"","ast-hfb-mobile-header-display":"","site-post-title":"disabled","ast-breadcrumbs-content":"","ast-featured-img":"","footer-sml-layout":"","theme-transparent-header-meta":"","adv-header-id-meta":"","stick-header-meta":"","header-above-stick-meta":"","header-main-stick-meta":"","header-below-stick-meta":"","astra-migrate-meta-layouts":"default","ast-page-background-enabled":"default","ast-page-background-meta":{"desktop":{"background-color":"","background-image":"","background-repeat":"repeat","background-position":"center center","background-size":"auto","background-attachment":"scroll","background-type":"","background-media":"","overlay-type":"","overlay-color":"","overlay-opacity":"","overlay-gradient":""},"tablet":{"background-color":"","background-image":"","background-repeat":"repeat","background-position":"center center","background-size":"auto","background-attachment":"scroll","background-type":"","background-media":"","overlay-type":"","overlay-color":"","overlay-opacity":"","overlay-gradient":""},"mobile":{"background-color":"","background-image":"","background-repeat":"repeat","background-position":"center center","background-size":"auto","background-attachment":"scroll","background-type":"","background-media":"","overlay-type":"","overlay-color":"","overlay-opacity":"","overlay-gradient":""}},"ast-content-background-meta":{"desktop":{"background-color":"var(--ast-global-color-5)","background-image":"","background-repeat":"repeat","background-position":"center center","background-size":"auto","background-attachment":"scroll","background-type":"","background-media":"","overlay-type":"","overlay-color":"","overlay-opacity":"","overlay-gradient":""},"tablet":{"background-color":"var(--ast-global-color-5)","background-image":"","background-repeat":"repeat","background-position":"center center","background-size":"auto","background-attachment":"scroll","background-type":"","background-media":"","overlay-type":"","overlay-color":"","overlay-opacity":"","overlay-gradient":""},"mobile":{"background-color":"var(--ast-global-color-5)","background-image":"","background-repeat":"repeat","background-position":"center center","background-size":"auto","background-attachment":"scroll","background-type":"","background-media":"","overlay-type":"","overlay-color":"","overlay-opacity":"","overlay-gradient":""}},"footnotes":""},"class_list":["post-184","page","type-page","status-publish","hentry"],"_links":{"self":[{"href":"https:\/\/geonautit.fi\/en\/wp-json\/wp\/v2\/pages\/184"}],"collection":[{"href":"https:\/\/geonautit.fi\/en\/wp-json\/wp\/v2\/pages"}],"about":[{"href":"https:\/\/geonautit.fi\/en\/wp-json\/wp\/v2\/types\/page"}],"author":[{"embeddable":true,"href":"https:\/\/geonautit.fi\/en\/wp-json\/wp\/v2\/users\/2"}],"replies":[{"embeddable":true,"href":"https:\/\/geonautit.fi\/en\/wp-json\/wp\/v2\/comments?post=184"}],"version-history":[{"count":41,"href":"https:\/\/geonautit.fi\/en\/wp-json\/wp\/v2\/pages\/184\/revisions"}],"predecessor-version":[{"id":834,"href":"https:\/\/geonautit.fi\/en\/wp-json\/wp\/v2\/pages\/184\/revisions\/834"}],"up":[{"embeddable":true,"href":"https:\/\/geonautit.fi\/en\/wp-json\/wp\/v2\/pages\/136"}],"wp:attachment":[{"href":"https:\/\/geonautit.fi\/en\/wp-json\/wp\/v2\/media?parent=184"}],"curies":[{"name":"wp","href":"https:\/\/api.w.org\/{rel}","templated":true}]}}