{"id":179,"date":"2022-02-05T14:25:30","date_gmt":"2022-02-05T14:25:30","guid":{"rendered":"https:\/\/www.geonautit.fi\/?page_id=179"},"modified":"2023-08-24T12:55:21","modified_gmt":"2023-08-24T12:55:21","slug":"ohjelma","status":"publish","type":"page","link":"https:\/\/geonautit.fi\/en\/urbanhel\/ohjelma\/","title":{"rendered":"Program - UrbanHEL 2023"},"content":{"rendered":"<p><a href=\"#oheistapahtumat\">Side-events<\/a> | <a href=\"#museo\">Museum of Technology: Geocaching - Discover, seek and find -exhibition<\/a><\/p>\n\n\n\n<p>At the event, you will meet geocachers from Finland and around the world. Come and sense the international atmosphere at Kattilahalli. Geocachers from our neighboring country Estonia and all the way to New Zealand are joining our event.<\/p>\n\n\n\n<p>Adventure Labs will be published in the venue area and surrounding areas.<\/p>\n\n\n\n<p>The program will be added to the pages as it is confirmed and completed.<\/p>\n\n\n\n<h3 class=\"wp-block-heading\">Lackey interview<\/h3>\n\n\n\n<p>Have you always wondered what it is like to be Lackey? Two Geocaching HQ employees also known as Lackeys will arrive to UrbanHEL mega event. Now you have a chance to hear answer to questions you have sent us in advance earlier. On event day 26th of Aug we will interview <em>hleeful<\/em> and <em>Captain_Cookie<\/em>, and we will get answers to question sent to us earlier. <\/p>\n\n\n\n<h3 class=\"wp-block-heading\">Eat<\/h3>\n\n\n\n<h4 class=\"wp-block-heading\">Sanga foodtruck<\/h4>\n\n\n\n<p>You can find Sanga food truck in the outdoor area of the event. You can browse their menu <a href=\"https:\/\/www.sanga.fi\/\">https:\/\/www.sanga.fi\/<\/a>&nbsp;<\/p>\n\n\n\n<h4 class=\"wp-block-heading\">Siipirekka food truck<\/h4>\n\n\n\n<p>You can find Siipirekka food truck in the outdoor area of the event. You can browse their menu <a href=\"https:\/\/www.facebook.com\/Siipirekka\/\">https:\/\/www.facebook.com\/Siipirekka\/<\/a>&nbsp;<\/p>\n\n\n\n<h4 class=\"wp-block-heading\">Sotilaskotiauto food truck<\/h4>\n\n\n\n<p>Sotilaskotiauto is a traditional Finnish military cafe truck that usually serves young servicemen. You can buy coffee and other small snacks from the truck.<\/p>\n\n\n\n<h3 class=\"wp-block-heading\">Shop<\/h3>\n\n\n\n<h4 class=\"wp-block-heading\">Kiven alla<\/h4>\n\n\n\n<p>Kiven alla is the official partner of UrbanHEL. Kiven alla sells the official merchandise of the event. If you missed the preorder you still have a chance to find some items from the shop! The shop is located inside Kattilahalli where you can also find a large variety of geocaching products.<br><a rel=\"noreferrer noopener\" href=\"https:\/\/www.kivenalla.fi\/epages\/kivenalla.sf\/en_GB\/\" target=\"_blank\">https:\/\/www.kivenalla.fi\/epages\/kivenalla.sf\/en_GB\/<\/a><\/p>\n\n\n\n<h4 class=\"wp-block-heading\">E\/FAT<\/h4>\n\n\n\n<p>E\/FAT electrical fatbikes are designed, produced, imported, and sold by Finnish family company E FAT Finland Oy. E\/FAT shop is in the outside area of the event where you can test drive their bikes!&nbsp;<br><a href=\"https:\/\/efat.fi\/\" target=\"_blank\" rel=\"noreferrer noopener\">https:\/\/efat.fi\/<\/a><\/p>\n\n\n\n<h4 class=\"wp-block-heading\">Jon-Paul Barr<\/h4>\n\n\n\n<p>Jon-Paul is selling geocoins which are left over from his former shop. You can find his shop inside Kattilahalli.<\/p>\n\n\n\n<h4 class=\"wp-block-heading\">Korutasku<\/h4>\n\n\n\n<p>Korutasku is a stone workshop located in the old wool factory at Kehr\u00e4\u00e4m\u00f6 in Orimattila. The product range of Korutasku also includes glasses with trackable numbers and camo stones for geocaching, which you can find at the shop inside Kattilahalli.<br><a href=\"https:\/\/www.korutasku.com\/\" target=\"_blank\" rel=\"noreferrer noopener\">https:\/\/www.korutasku.com\/<\/a><\/p>\n\n\n\n<h2 class=\"wp-block-heading\">Explore<\/h2>\n\n\n\n<h4 class=\"wp-block-heading\">Corny<\/h4>\n\n\n\n<p>Semper Corny will bring their promotional tour tent in the outside area of the event.&nbsp;<br><a href=\"https:\/\/www.corny.fi\/\">https:\/\/www.corny.fi\/<\/a><\/p>\n\n\n\n<h4 class=\"wp-block-heading\">University of Eastern Finland<\/h4>\n\n\n\n<p>The researchers of the University of Eastern Finland's UNITE geocache-project are coming to the event to promote their project. You will find their stand inside Kattilahalli. More information about the project <a href=\"https:\/\/www.uef.fi\/fi\/artikkeli\/tutkimustietoa-ihmisten-metsamieltymyksista-pelaamalla\">https:\/\/www.uef.fi\/fi\/artikkeli\/tutkimustietoa-ihmisten-metsamieltymyksista-pelaamalla<\/a><\/p>\n\n\n\n<h4 class=\"wp-block-heading\">Johanna Hulkko<\/h4>\n\n\n\n<p>Johanna is coming to the event to release her latest book in the Geo Detectives series: <a href=\"https:\/\/www.karisto.fi\/sivu\/tuote\/geoetsivat-ja-megakatko\/4825507%20style=\">Geo Detectives and the Mega Cache<\/a>. During the book launch event, you will have the opportunity to meet Johanna, purchase the book, and get a signature on your brand new book! More detailed information regarding the timings will be announced closer to the event. The language of the book is Finnish.<\/p>\n\n\n\n<h4 class=\"wp-block-heading\"><s>Kerava<\/s><\/h4>\n\n\n\n<p>Kerava is a safe and comfortable city, where people and the environment are looked after. High-quality services are nearby and within walking distance. Kerava is a growing and developing, comfortable hometown where it is possible to live a happy everyday life.<\/p>\n\n\n\n<h4 class=\"wp-block-heading\">Pielavesi<\/h4>\n\n\n\n<p>In the land of a thousand lakes there is only one Pielavesi. We are considered quick-witted and active. We live by lakes that are clean and rich of fish, where forests and metal provide us living, where tourism is an opportunity, and where the hobbies of children and youth are invested in. This is where presidents and olympic medalists are made. Welcome!<\/p>\n\n\n\n<h4 class=\"wp-block-heading\">Pori<\/h4>\n\n\n\n<p>Pori is a place where you will meet happy people, experience the hustle and bustle of a lively city and find opportunities to relax in the peace and quiet of nature. The Nordic region\u2019s no. 1 beach, Yyteri, and the summer oasis of Kirjurinluoto offer unforgettable shared moments for children and adults alike. In Pori, you will also find a local attitude characterized by determination, a unique culture and wonderful summer events such as the Pori Jazz Festival, the SuomiAreena public debate forum and Porispere.<\/p>\n\n\n\n<h4 class=\"wp-block-heading\">Porvoo<\/h4>\n\n\n\n<p>Ideal for minivacations and short breaks, Porvoo offers visitors a choice of romantic accommodation, top quality dining, art and events, fascinating sights and museums, together with a wide range of outdoors activities to suit all. Maybe you do not want to leave Porvoo just yet.<\/p>\n\n\n\n<h3 class=\"wp-block-heading\">Geocaching tours - starting times<\/h3>\n\n\n\n<p>Would you like to go on a geocache tour with new caching buddies or with your geocolleagues? The tours will start here: <strong>N60\u00b011.203 E024\u00b058.170<\/strong> kuutena alla mainittuna ajankohtana. <a href=\"https:\/\/geonautit.fi\/en\/geokatkokierrokset-lahtoajat\/\" data-type=\"page\" data-id=\"818\">Lue lis\u00e4\u00e4&#8230;<\/a><\/p>\n\n\n\n<h3 class=\"wp-block-heading\">The geoskills competition<\/h3>\n\n\n\n<p>The geoskills competition is organized in conjunction with the UrbanHEL Mega-Event at Kattilahalli venue in Helsinki. The game can be started between 10.00 and 16.00 to be able to play for the full time. You must finish the game by 17.00. It's a free of charge game and a fun competition. More information about the competition <a href=\"https:\/\/geonautit.fi\/en\/urbanhel\/ohjelma\/geotaitokisa\/\" data-type=\"page\" data-id=\"710\">here<\/a>.<\/p>\n\n\n\n<h3 class=\"wp-block-heading\">Tree Climbing Crash Course<\/h3>\n\n\n\n<p>All the courses fully booked.<\/p>\n\n\n\n<h3 class=\"wp-block-heading\"><s>Paddle trip<\/s> (trip cancelled)<\/h3>\n\n\n\n<h3 class=\"wp-block-heading\">Boat trips<\/h3>\n\n\n\n<p>SeaSport Oy., the partner of the UrbanHEL Mega event, offers the opportunity for boat trips at discounted prices with Mega! Read more about the boat trips here <a href=\"https:\/\/geonautit.fi\/en\/urbanhel\/ohjelma\/veneretket\/\" data-type=\"page\" data-id=\"692\">here<\/a>.<\/p>\n\n\n\n<h3 class=\"wp-block-heading\">Equipment rental<\/h3>\n\n\n\n<p>UrbanHEL Mega-Event partner offers the opportunity for equipment rental at discounted prices during the Mega Event!<a href=\"https:\/\/geonautit.fi\/en\/urbanhel\/ohjelma\/valinevuokrausta\/\" data-type=\"page\" data-id=\"737\"> Read more..<\/a><\/p>\n\n\n\n<h3 class=\"wp-block-heading\">Escape room games<\/h3>\n\n\n\n<p>There are two different escape room games which are introduced below with link to the reservation calendar. This is a movable escape room which is a lite-version of traditional escape rooms. <a href=\"https:\/\/geonautit.fi\/en\/urbanhel\/ohjelma\/pakohuonepelit\/\" data-type=\"page\" data-id=\"767\">Read more..<\/a><\/p>\n\n\n\n<h2 class=\"wp-block-heading\" id=\"oheistapahtumat\">Side-events<\/h2>\n\n\n\n<p><a href=\"https:\/\/www.geocaching.com\/geocache\/GCA8VC4_urbantech\">August 25th, 1 pm - 3 pm UrbanTECH at the Museum of Technology<\/a><br>Come to the Museum of Technology to meet other geocachers from around the world. We'll explore the technology behind geocaching, geocaching tools, and trackables. You can also explore the museum's community exhibition: Geocaching - Discover, seek and find. <strong>We recommend to use Museum card for the entry to the museum.<\/strong>&nbsp;<strong>Kortittomat p\u00e4\u00e4sev\u00e4t tapahtuman yhteydess\u00e4 ilmaiseksi museoon salasanalla&nbsp;&#8221;denari<\/strong>&#8221;.<\/p>\n\n\n\n<p><a rel=\"noreferrer noopener\" href=\"https:\/\/coord.info\/GCA8T6J\" target=\"_blank\">August 26th, 7 pm - 7.30 pm UrbanMEET at Kalasatama<\/a><br>We will meet at Kalasatamanpuisto after the Mega event. Meet fellow geocachers and discuss the day's happenings; which caches and lab caches you found, did you meet Signal,, what was the best part of the Mega event, and if there are any other geocaching plans for the evening. Hope you can also attend the Flash mob at the area.<\/p>\n\n\n\n<p><a href=\"https:\/\/coord.info\/GCA8T6Y\" target=\"_blank\" rel=\"noreferrer noopener\">August 27th, 11 am - 12.45 pm UrbanCITO at Mustikkamaa<\/a><br>Join us on Sunday to clean the area after Venetians (end of summer party). Bring suitable clothing, gloves and trash pickers.<\/p>\n\n\n\n<p><a href=\"https:\/\/coord.info\/GCAAJ8P\" target=\"_blank\" rel=\"noreferrer noopener\">August 27th, 1 pm - 2 pm UrbanCUL8R at Mustikkamaa<\/a><br>After the cleaning we will have a potluck picnic. We can discuss what everyone did during the Mega-Event. If you want, you can bring a picnic blanket and\u00a0some\u00a0snacks.<\/p>\n\n\n\n<h2 class=\"wp-block-heading\" id=\"museo\">Museum of Technology: Geocaching - Discover, seek and find -exhibition<\/h2>\n\n\n\n<p>There is a geocaching exhibition related to the Mega Event at the Museum of Technology, which is open from June 21st to October 1st, 2023. The Museum of Technology is located at&nbsp;<a rel=\"noreferrer noopener\" href=\"https:\/\/goo.gl\/maps\/xfeZAFXoZpYjHnDN7\" target=\"_blank\">Viikintie 1, 00560 Helsinki<\/a>.<br><\/p>\n\n\n\n<p>The exhibition showcases what geocaching is and how the early years of the hobby looked like. There is a diverse display of technologies and tools related to caching including the origin story and promotional video of the first mobile application developed for smartphones. Geocaching has been practiced in Finland for over 20 years. We have approximately 50 000 geocachers (who have found at least one cache in the past year). But what gets people year after year to hide and find caches? One reason might be the community and gamification aspects of geocaching, which the geocachers themselves have specifically developed.<\/p>\n\n\n\n<p><strong>We suggest you use the Museum card to pay for the entrance.<\/strong>\u00a0<strong>Persons lacking the card are entitled to free admission during the Event cache when you mention the code word \"denari\" [DEH-nah-ree]. The code word is valid on Friday 1 pm - 5 pm and on Saturday during museum opening hours 11 am - 6 pm.<\/strong><\/p>\n\n\n\n<p>Museum has its <a href=\"https:\/\/coord.info\/GCA8ZX4\">own geocache<\/a>, and in order to find it, visitors must solve a mystery related to the museum's main exhibition. Discover the solution, seek and find the geocache near the Museum of Technology!<\/p>","protected":false},"excerpt":{"rendered":"<p>Oheistapahtumat | Tekniikan museon Oivalla, etsi ja l\u00f6yd\u00e4 -n\u00e4yttely Tapahtumassa tapaat geokollegoita niin Suomesta kuin ymp\u00e4ri maailmaa. Tule aistimaan kansainv\u00e4linen tunnelma Kattilahalliin. Tapahtumaamme on tulossa geok\u00e4tk\u00f6ilij\u00f6it\u00e4 Virosta aina Uuteen-Seelantiin asti. Tapahtuma-alueelle sek\u00e4 l\u00e4hiymp\u00e4rist\u00f6\u00f6n tulee etsitt\u00e4v\u00e4ksi Adventure labeja. Ohjelmaa lis\u00e4t\u00e4\u00e4n sivuille sit\u00e4 mukaan, kun ohjelma varmistuu ja valmistuu. Lackey haastattelu Oletko aina miettinyt millaista on el\u00e4m\u00e4 [&hellip;]<\/p>","protected":false},"author":2,"featured_media":0,"parent":136,"menu_order":4,"comment_status":"closed","ping_status":"closed","template":"","meta":{"site-sidebar-layout":"default","site-content-layout":"","ast-site-content-layout":"default","site-content-style":"default","site-sidebar-style":"default","ast-global-header-display":"","ast-banner-title-visibility":"","ast-main-header-display":"","ast-hfb-above-header-display":"","ast-hfb-below-header-display":"","ast-hfb-mobile-header-display":"","site-post-title":"","ast-breadcrumbs-content":"","ast-featured-img":"","footer-sml-layout":"","theme-transparent-header-meta":"","adv-header-id-meta":"","stick-header-meta":"","header-above-stick-meta":"","header-main-stick-meta":"","header-below-stick-meta":"","astra-migrate-meta-layouts":"set","ast-page-background-enabled":"default","ast-page-background-meta":{"desktop":{"background-color":"","background-image":"","background-repeat":"repeat","background-position":"center center","background-size":"auto","background-attachment":"scroll","background-type":"","background-media":"","overlay-type":"","overlay-color":"","overlay-opacity":"","overlay-gradient":""},"tablet":{"background-color":"","background-image":"","background-repeat":"repeat","background-position":"center center","background-size":"auto","background-attachment":"scroll","background-type":"","background-media":"","overlay-type":"","overlay-color":"","overlay-opacity":"","overlay-gradient":""},"mobile":{"background-color":"","background-image":"","background-repeat":"repeat","background-position":"center center","background-size":"auto","background-attachment":"scroll","background-type":"","background-media":"","overlay-type":"","overlay-color":"","overlay-opacity":"","overlay-gradient":""}},"ast-content-background-meta":{"desktop":{"background-color":"var(--ast-global-color-5)","background-image":"","background-repeat":"repeat","background-position":"center center","background-size":"auto","background-attachment":"scroll","background-type":"","background-media":"","overlay-type":"","overlay-color":"","overlay-opacity":"","overlay-gradient":""},"tablet":{"background-color":"var(--ast-global-color-5)","background-image":"","background-repeat":"repeat","background-position":"center center","background-size":"auto","background-attachment":"scroll","background-type":"","background-media":"","overlay-type":"","overlay-color":"","overlay-opacity":"","overlay-gradient":""},"mobile":{"background-color":"var(--ast-global-color-5)","background-image":"","background-repeat":"repeat","background-position":"center center","background-size":"auto","background-attachment":"scroll","background-type":"","background-media":"","overlay-type":"","overlay-color":"","overlay-opacity":"","overlay-gradient":""}},"footnotes":""},"class_list":["post-179","page","type-page","status-publish","hentry"],"_links":{"self":[{"href":"https:\/\/geonautit.fi\/en\/wp-json\/wp\/v2\/pages\/179"}],"collection":[{"href":"https:\/\/geonautit.fi\/en\/wp-json\/wp\/v2\/pages"}],"about":[{"href":"https:\/\/geonautit.fi\/en\/wp-json\/wp\/v2\/types\/page"}],"author":[{"embeddable":true,"href":"https:\/\/geonautit.fi\/en\/wp-json\/wp\/v2\/users\/2"}],"replies":[{"embeddable":true,"href":"https:\/\/geonautit.fi\/en\/wp-json\/wp\/v2\/comments?post=179"}],"version-history":[{"count":42,"href":"https:\/\/geonautit.fi\/en\/wp-json\/wp\/v2\/pages\/179\/revisions"}],"predecessor-version":[{"id":942,"href":"https:\/\/geonautit.fi\/en\/wp-json\/wp\/v2\/pages\/179\/revisions\/942"}],"up":[{"embeddable":true,"href":"https:\/\/geonautit.fi\/en\/wp-json\/wp\/v2\/pages\/136"}],"wp:attachment":[{"href":"https:\/\/geonautit.fi\/en\/wp-json\/wp\/v2\/media?parent=179"}],"curies":[{"name":"wp","href":"https:\/\/api.w.org\/{rel}","templated":true}]}}