{"id":165,"date":"2022-02-04T11:40:14","date_gmt":"2022-02-04T11:40:14","guid":{"rendered":"https:\/\/www.geonautit.fi\/?page_id=165"},"modified":"2023-08-21T10:50:45","modified_gmt":"2023-08-21T10:50:45","slug":"saapuminen","status":"publish","type":"page","link":"https:\/\/geonautit.fi\/en\/urbanhel\/saapuminen\/","title":{"rendered":"Arrival \u2013 UrbanHEL 2023"},"content":{"rendered":"<div class=\"inherit-container-width wp-block-group alignfull has-background is-layout-constrained wp-block-group-is-layout-constrained\" style=\"background-color:#171717\"><div class=\"wp-block-group__inner-container\">\n<div class=\"wp-block-columns alignwide are-vertically-aligned-center is-layout-flex wp-container-core-columns-is-layout-1 wp-block-columns-is-layout-flex\">\n<div class=\"wp-block-column is-vertically-aligned-center is-layout-flow wp-block-column-is-layout-flow\" style=\"flex-basis:55%\">\n<iframe src=\"https:\/\/www.google.com\/maps\/embed?pb=!1m18!1m12!1m3!1d1983.639511014135!2d24.967624716107082!3d60.18669888196703!2m3!1f0!2f0!3f0!3m2!1i1024!2i768!4f13.1!3m3!1m2!1s0x4692097c7897338f%3A0x8f9812ebd652da44!2sKattilahalli!5e0!3m2!1sen!2sfi!4v1643632691420!5m2!1sen!2sfi\" style=\"border:0;\" allowfullscreen=\"\" loading=\"lazy\" width=\"100%\" height=\"580\"><\/iframe>\n<\/div>\n\n\n\n<div class=\"wp-block-column is-vertically-aligned-center is-layout-flow wp-block-column-is-layout-flow\" style=\"flex-basis:45%\">\n<div class=\"inherit-container-width wp-block-group alignfull is-layout-constrained wp-block-group-is-layout-constrained\"><div class=\"wp-block-group__inner-container\">\n<h2 class=\"wp-block-heading has-text-color\" id=\"sijainti\" style=\"color:#ffffff\">Location<\/h2>\n\n\n\n<h4 class=\"wp-block-heading has-text-color\" id=\"kattilahalli-helsinki\" style=\"color:#ffffff\"><strong>Kattilahalli, Helsinki<\/strong><\/h4>\n\n\n\n<p class=\"has-text-color\" style=\"color:#d7d7d7\">UrbanHEL MEGA-tapahtuma j\u00e4rjestet\u00e4\u00e4n Helsingin Suvilahdessa Kattilahallissa 26.8.2023 klo 10 &#8211; 18.<\/p>\n\n\n\n<h2 class=\"wp-block-heading has-text-color\" style=\"color:#d7d7d7\"><strong><mark style=\"background-color:#ff0000\" class=\"has-inline-color has-ast-global-color-5-color\">PLEASE NOTE that there's no parking place for cars at Kattilahalli (Mega area)!<\/mark><\/strong><\/h2>\n<\/div><\/div>\n<\/div>\n<\/div>\n<\/div><\/div>\n\n\n\n<h2 class=\"wp-block-heading\">If you arrive by car<\/h2>\n\n\n\n<p>For those arriving by car, we recommend either using HSL's park and ride services, which means you should park your car at your chosen park and ride parking lot and take public transport to Kattilahalli (read the instructions at the end of this page), or you can use the nearby Redi shopping center's parking hall (using the Taskuparkki app). There is ongoing construction in the vicinity of Kattilahalli, affecting both parking areas and roadways. Some parking spaces are available sporadically, but it's not advisable to rely on them, as the availability of parking spaces and instructions varies based on the status of the construction.<\/p>\n\n\n\n<h2 class=\"wp-block-heading\" id=\"lentaen\">If you come by airplane<\/h2>\n\n\n\n<p>From the airport Mega-event is easily reachable by public transport: bus #600 takes you directly from the airport to the Mega-event location: bus stop S\u00f6rn\u00e4inen (M) or you can take the train to the center of Helsinki and then change to subway, tram or bus.<\/p>\n\n\n\n<p><a rel=\"noreferrer noopener\" href=\"https:\/\/tinyurl.com\/229feea5\" target=\"_blank\">Route planner<\/a> is a great tool for trip planning using public transportation in the capital area. The trip from the airport to the center of Helsinki or Mega-event area requires an ABC-ticket and takes about an hour.<\/p>\n\n\n\n<h2 class=\"wp-block-heading\">If you plan to use tram, bus or subway<\/h2>\n\n\n\n<p>If you plan to use public transportation, the easiest way is to install the HSL app <a href=\"https:\/\/www.hsl.fi\/en\/tickets-and-fares\/hsl-app\" target=\"_blank\" rel=\"noreferrer noopener\">https:\/\/www.hsl.fi\/en\/tickets-and-fares\/hsl-app<\/a> . The application requires mobile data. With the app you can purchase tickets and plan your trips. The tickets must be purchased beforehand. There are ticket vending machines at the train and subway stations. NB: tickets are not sold in the trains \/ subway \/ trams \/ buses etc.<\/p>\n\n\n\n<p>You can purchase a single ticket or a day ticket (1-13 days). The capital area is divided into zones (A-D). More info about public transportation tickets, zones, validity and how to buy: https:\/\/www.hsl.fi\/en\/tickets-and-fares <a href=\"https:\/\/www.hsl.fi\/en\/tickets-and-fares\" target=\"_blank\" rel=\"noreferrer noopener\">https:\/\/www.hsl.fi\/en\/tickets-and-fares<\/a><\/p>\n\n\n\n<p><strong>Closest stops:<\/strong><br><strong>Subway:<\/strong> S\u00f6rn\u00e4inen (~750 m) and Kalasatama (~600 m)<br><strong>Tram: <\/strong>S\u00f6rn\u00e4inen (M) (~500 m), lines 1, 6, 7, and 8<br><strong>Bus:<\/strong> Suvilahti, next to Mega-event area, line 16<\/p>\n\n\n\n<h2 class=\"wp-block-heading\">The Helsinki region transport - Helsingin seudun liikenne (HSL)<\/h2>\n\n\n\n<p><a href=\"https:\/\/www.hsl.fi\/en\/travelling\/visitors\">https:\/\/www.hsl.fi\/en\/travelling\/visitors<\/a><\/p>\n\n\n\n<p>The Helsinki Region Transport includes Helsinki region buses, metros, trams, commuter trains, city bikes, and the Suomenlinna ferry.<\/p>\n\n\n\n<p>The HSL area covers Helsinki, Espoo, Vantaa, Kauniainen, Siuntio, Kirkkonummi, Sipoo, Kerava, and Tuusula. The area is divided into four zones, designated as A, B, C, and D starting from the Helsinki city center. See the zones here:<br><a href=\"https:\/\/www.hsl.fi\/en\/tickets-and-fares\">https:\/\/www.hsl.fi\/en\/tickets-and-fares<\/a><\/p>\n\n\n\n<p>For the city center area where the Mega Event is taking place, an AB ticket is sufficient. Although a BC ticket also covers Helsinki, it does not provide access to the event area. If you're traveling from, for example, the airport to the city center using public transportation, you'll need an ABC ticket. Tickets cannot be purchased for individual zones A, B, or C. More information at: <a href=\"https:\/\/www.hsl.fi\/en\/tickets-and-fares\">https:\/\/www.hsl.fi\/en\/tickets-and-fares<\/a><\/p>\n\n\n\n<p>The easiest way to purchase a ticket is through the HSL mobile app or at the ticket machines located at some stations. Tickets are not sold on vehicles and must be bought in advance. The HSL mobile app can be found in app stores, and more information is available here:&nbsp;<br><a href=\"https:\/\/www.hsl.fi\/en\/tickets-and-fares\/hsl-app\">https:\/\/www.hsl.fi\/en\/tickets-and-fares\/hsl-app<\/a><\/p>\n\n\n\n<p>In the tables below, the prices are for adults. Children under 7 years old travel for free, and the ticket prices for children aged 7-17 are approximately 50% of the adult fares.<\/p>\n\n\n\n<h3 class=\"wp-block-heading\">Single tickets<\/h3>\n\n\n\n<figure class=\"wp-block-table\"><table><tbody><tr><td><strong>Region<\/strong><\/td><td><strong>Price<\/strong><\/td><td><strong>Ticket valid<\/strong><\/td><\/tr><tr><td>AB, BC<\/td><td>3,10\u20ac<\/td><td>80 min<\/td><\/tr><tr><td>ABC<\/td><td>4,10\u20ac<\/td><td>90 min<\/td><\/tr><\/tbody><\/table><\/figure>\n\n\n\n<h3 class=\"wp-block-heading\">Day tickets<\/h3>\n\n\n\n<figure class=\"wp-block-table\"><table><tbody><tr><td><strong>Valid<\/strong><\/td><td><strong>AB (Helsinki-Espoo)<\/strong><\/td><td><strong>ABC (Helsinki-Espoo-Vantaa)<\/strong><\/td><\/tr><tr><td>1 day<\/td><td>9\u20ac<\/td><td>11\u20ac<\/td><\/tr><tr><td>2 days<\/td><td>13,50\u20ac<\/td><td>16,50\u20ac<\/td><\/tr><tr><td>3 days<\/td><td>18\u20ac<\/td><td>22\u20ac<\/td><\/tr><tr><td>4 days<\/td><td>22,50\u20ac<\/td><td>27,50\u20ac<\/td><\/tr><\/tbody><\/table><\/figure>\n\n\n\n<h2 class=\"wp-block-heading\">City bikes<\/h2>\n\n\n\n<p><a href=\"https:\/\/www.hsl.fi\/en\/citybikes\">https:\/\/www.hsl.fi\/en\/citybikes<\/a><\/p>\n\n\n\n<p>Using city bikes requires registration (HSL account). When activating the service, a PIN code and a payment card are defined.<\/p>\n\n\n\n<p>With the service, you can take unlimited 30-minute rides for the price. If you ride for a longer period, switch bikes in between. The bike can only be returned to a bike station or its immediate vicinity.<\/p>\n\n\n\n<p>NOTE! Bikes in the Helsinki-Espoo and Vantaa areas do not work interchangeably, so you cannot return a bike from one area to another.<\/p>\n\n\n\n<figure class=\"wp-block-table\"><table><tbody><tr><td><strong>Valid<\/strong><\/td><td><strong>Helsinki &amp; Espoo<\/strong><\/td><td><strong>Vantaa<\/strong><\/td><\/tr><tr><td>1 day<\/td><td>5\u20ac<\/td><td>5\u20ac<\/td><\/tr><tr><td>7 days<\/td><td>10\u20ac<\/td><td>10\u20ac<\/td><\/tr><tr><td>30 days (Continuous subscription)<\/td><td>7\u20ac<\/td><td>&#8211;<\/td><\/tr><tr><td>1.4.2023-31.10.2023<\/td><td>35\u20ac<\/td><td>30\u20ac<\/td><\/tr><\/tbody><\/table><\/figure>\n\n\n\n<h2 class=\"wp-block-heading\">Park and ride<\/h2>\n\n\n\n<p><a href=\"https:\/\/www.hsl.fi\/matkustaminen\/liityntapysakointi?display=map&amp;type=all-facilities\">https:\/\/www.hsl.fi\/en\/travelling\/park--ride?display=map&amp;type=all-facilities<\/a><\/p>\n\n\n\n<p>Park and Ride is intended for public transportation customers who want to seamlessly combine different modes of travel. If you have a valid public transportation ticket, you can park at the Park and Ride areas affordably or even for free. You can leave your car or bike at a station or stop and continue your journey conveniently using public transport.&nbsp;<\/p>\n\n\n\n<p><strong>Be sure to carefully read the instructions for the specific Park and Ride area you use, as they may vary by location!<\/strong><\/p>\n\n\n\n<figure class=\"wp-block-table\"><table><tbody><tr><td><strong>Route<\/strong><\/td><td><strong>Park and ride<\/strong><\/td><\/tr><tr><td>Porvoonv\u00e4yl\u00e4 (E18)<\/td><td>Metro station of Mellum\u00e4ki, Kontula or Myllypuro<\/td><\/tr><tr><td>Lahdenv\u00e4yl\u00e4 (E75)<\/td><td>Train station of Puistola or Tapanila, Myllypuro metro station<\/td><\/tr><tr><td>Tuusulanv\u00e4yl\u00e4 (45)<\/td><td>Train station of K\u00e4pyl\u00e4 or Oulunkyl\u00e4<\/td><\/tr><tr><td>Tampereenv\u00e4yl\u00e4 (E12)<\/td><td>Train station of Vantaankoski, Martinlaakso or Louhela<\/td><\/tr><tr><td>Vihdintie (120)<\/td><td>Train station of Myyrm\u00e4ki, Malminkartano or Lassila<\/td><\/tr><tr><td>Turunv\u00e4yl\u00e4 (1)<\/td><td>Train station of Koivuhovi, Kera tai Lepp\u00e4vaara<\/td><\/tr><tr><td>L\u00e4nsiv\u00e4yl\u00e4 (51)<\/td><td>Metro station of Matinkyl\u00e4, Niittykumpu tai Koivusaari<\/td><\/tr><\/tbody><\/table><\/figure>\n\n\n\n<p><\/p>\n\n\n\n<p><a href=\"https:\/\/www.google.com\/maps\/d\/u\/1\/viewer?mid=1roTmFuhcVsdt9JHnZr87UB7JzbfbXYY&amp;ll=60.216213764451794%2C24.94588841029712&amp;z=10\" data-type=\"link\" data-id=\"https:\/\/www.google.com\/maps\/d\/u\/1\/viewer?mid=1roTmFuhcVsdt9JHnZr87UB7JzbfbXYY&amp;ll=60.216213764451794%2C24.94588841029712&amp;z=10\">Park and ride locations in Google Maps.<\/a><\/p>","protected":false},"excerpt":{"rendered":"<p>Sijainti eli mesta: Kattilahalli, Helsinki UrbanHEL MEGA-tapahtuma j\u00e4rjestet\u00e4\u00e4n Helsingin Suvilahdessa Kattilahallissa 26.8.2023 klo 10 &#8211; 18. HUOM! Kattilahallilla ei ole parkkipaikkoja! Mik\u00e4li saavut autolla Autolla saapuville suosittelemme joko HSL:n liitynt\u00e4pys\u00e4k\u00f6inti\u00e4 eli auto valitsemaasi liitynt\u00e4parkkiin ja julkisilla Kattilahallille (lue ohjeistus t\u00e4m\u00e4n sivun lopusta) tai l\u00e4heisen kauppakeskus Redin parkkihallia (k\u00e4yt\u00f6ss\u00e4 Taskuparkki-sovellus). Kattilahallin ymp\u00e4rist\u00f6ss\u00e4 on menossa remonttia sek\u00e4 [&hellip;]<\/p>","protected":false},"author":2,"featured_media":0,"parent":136,"menu_order":0,"comment_status":"closed","ping_status":"closed","template":"","meta":{"site-sidebar-layout":"default","site-content-layout":"","ast-site-content-layout":"default","site-content-style":"default","site-sidebar-style":"default","ast-global-header-display":"","ast-banner-title-visibility":"","ast-main-header-display":"","ast-hfb-above-header-display":"","ast-hfb-below-header-display":"","ast-hfb-mobile-header-display":"","site-post-title":"","ast-breadcrumbs-content":"","ast-featured-img":"","footer-sml-layout":"","theme-transparent-header-meta":"","adv-header-id-meta":"","stick-header-meta":"","header-above-stick-meta":"","header-main-stick-meta":"","header-below-stick-meta":"","astra-migrate-meta-layouts":"set","ast-page-background-enabled":"default","ast-page-background-meta":{"desktop":{"background-color":"","background-image":"","background-repeat":"repeat","background-position":"center center","background-size":"auto","background-attachment":"scroll","background-type":"","background-media":"","overlay-type":"","overlay-color":"","overlay-opacity":"","overlay-gradient":""},"tablet":{"background-color":"","background-image":"","background-repeat":"repeat","background-position":"center center","background-size":"auto","background-attachment":"scroll","background-type":"","background-media":"","overlay-type":"","overlay-color":"","overlay-opacity":"","overlay-gradient":""},"mobile":{"background-color":"","background-image":"","background-repeat":"repeat","background-position":"center center","background-size":"auto","background-attachment":"scroll","background-type":"","background-media":"","overlay-type":"","overlay-color":"","overlay-opacity":"","overlay-gradient":""}},"ast-content-background-meta":{"desktop":{"background-color":"var(--ast-global-color-5)","background-image":"","background-repeat":"repeat","background-position":"center center","background-size":"auto","background-attachment":"scroll","background-type":"","background-media":"","overlay-type":"","overlay-color":"","overlay-opacity":"","overlay-gradient":""},"tablet":{"background-color":"var(--ast-global-color-5)","background-image":"","background-repeat":"repeat","background-position":"center center","background-size":"auto","background-attachment":"scroll","background-type":"","background-media":"","overlay-type":"","overlay-color":"","overlay-opacity":"","overlay-gradient":""},"mobile":{"background-color":"var(--ast-global-color-5)","background-image":"","background-repeat":"repeat","background-position":"center center","background-size":"auto","background-attachment":"scroll","background-type":"","background-media":"","overlay-type":"","overlay-color":"","overlay-opacity":"","overlay-gradient":""}},"footnotes":""},"class_list":["post-165","page","type-page","status-publish","hentry"],"_links":{"self":[{"href":"https:\/\/geonautit.fi\/en\/wp-json\/wp\/v2\/pages\/165"}],"collection":[{"href":"https:\/\/geonautit.fi\/en\/wp-json\/wp\/v2\/pages"}],"about":[{"href":"https:\/\/geonautit.fi\/en\/wp-json\/wp\/v2\/types\/page"}],"author":[{"embeddable":true,"href":"https:\/\/geonautit.fi\/en\/wp-json\/wp\/v2\/users\/2"}],"replies":[{"embeddable":true,"href":"https:\/\/geonautit.fi\/en\/wp-json\/wp\/v2\/comments?post=165"}],"version-history":[{"count":20,"href":"https:\/\/geonautit.fi\/en\/wp-json\/wp\/v2\/pages\/165\/revisions"}],"predecessor-version":[{"id":926,"href":"https:\/\/geonautit.fi\/en\/wp-json\/wp\/v2\/pages\/165\/revisions\/926"}],"up":[{"embeddable":true,"href":"https:\/\/geonautit.fi\/en\/wp-json\/wp\/v2\/pages\/136"}],"wp:attachment":[{"href":"https:\/\/geonautit.fi\/en\/wp-json\/wp\/v2\/media?parent=165"}],"curies":[{"name":"wp","href":"https:\/\/api.w.org\/{rel}","templated":true}]}}