{"id":136,"date":"2022-01-31T12:35:30","date_gmt":"2022-01-31T12:35:30","guid":{"rendered":"https:\/\/www.geonautit.fi\/?page_id=136"},"modified":"2023-08-27T17:58:33","modified_gmt":"2023-08-27T17:58:33","slug":"urbanhel","status":"publish","type":"page","link":"https:\/\/geonautit.fi\/en\/urbanhel\/","title":{"rendered":"UrbanHEL 2023"},"content":{"rendered":"<h1 class=\"wp-block-heading\"><img loading=\"lazy\" decoding=\"async\" width=\"100\" height=\"100\" class=\"wp-image-333\" style=\"width: 100px;\" src=\"https:\/\/www.geonautit.fi\/wp-content\/uploads\/2022\/08\/mega.png\" alt=\"\" srcset=\"https:\/\/geonautit.fi\/wp-content\/uploads\/2022\/08\/mega.png 500w, https:\/\/geonautit.fi\/wp-content\/uploads\/2022\/08\/mega-300x300.png 300w, https:\/\/geonautit.fi\/wp-content\/uploads\/2022\/08\/mega-150x150.png 150w, https:\/\/geonautit.fi\/wp-content\/uploads\/2022\/08\/mega-12x12.png 12w\" sizes=\"(max-width: 100px) 100vw, 100px\" \/>UrbanHEL 2023 [<a href=\"https:\/\/www.geocaching.com\/geocache\/GC9MZMA_urbanhel\" data-type=\"URL\" data-id=\"https:\/\/www.geocaching.com\/geocache\/GC9MZMA_urbanhel\">GC9MZMA<\/a>] <\/h1>\n\n\n\n<div class=\"inherit-container-width wp-block-group is-layout-constrained wp-block-group-is-layout-constrained\"><div class=\"wp-block-group__inner-container\">\n<h2 class=\"wp-block-heading\" id=\"paakaupunkiseudun-ensimmainen-mega-eventti-pidetaan-lauantaina-26-8-2023\">First Mega event in the capital region of Finland was held 26th of August 2023<\/h2>\n\n\n\n<div class=\"wp-block-columns is-layout-flex wp-container-core-columns-is-layout-2 wp-block-columns-is-layout-flex\">\n<div class=\"wp-block-column is-layout-flow wp-block-column-is-layout-flow\">\n<h4 class=\"wp-block-heading\" id=\"service-title\">Kattilahalli, Suvilahti was the venue for the Mega event<\/h4>\n\n\n\n<p>We want to thank all the participants of the event. Please give feedback to the organisers of the event.<\/p>\n\n\n\n<p><\/p>\n\n\n\n<p><\/p>\n\n\n\n<p><span class='maxbutton-10-container mb-container'><a class=\"maxbutton-10 maxbutton maxbutton-givefeedback\" target=\"_blank\" rel=\"noopener\" href=\"https:\/\/forms.gle\/xQ2PuneZrp1tWpng7\"><span class='mb-text'>Give feedback to organisers<\/span><\/a><\/span>\u00a0\u00a0<span class='maxbutton-10-container mb-container'><a class=\"maxbutton-10 maxbutton maxbutton-givefeedback\" target=\"_blank\" rel=\"noopener\" href=\"https:\/\/geonautit.fi\/en\/urbanhel\/ohjelma\/geotaitokisa\/#gtkratkaisut\"><span class='mb-text'>Geoskills competition answers<\/span><\/a><\/span><\/p>\n<\/div>\n\n\n\n<div class=\"wp-block-column is-layout-flow wp-block-column-is-layout-flow\">\n<div class=\"wp-block-columns is-layout-flex wp-container-core-columns-is-layout-1 wp-block-columns-is-layout-flex\">\n<div class=\"wp-block-column is-layout-flow wp-block-column-is-layout-flow\" style=\"flex-basis:100%\">\n<figure class=\"wp-block-image size-full is-resized\"><img loading=\"lazy\" decoding=\"async\" src=\"https:\/\/www.geonautit.fi\/wp-content\/uploads\/2022\/08\/urbanhel_logo.jpg\" alt=\"\" class=\"wp-image-350\" style=\"width:383px;height:370px\" width=\"383\" height=\"370\" srcset=\"https:\/\/geonautit.fi\/wp-content\/uploads\/2022\/08\/urbanhel_logo.jpg 2187w, https:\/\/geonautit.fi\/wp-content\/uploads\/2022\/08\/urbanhel_logo-300x290.jpg 300w, https:\/\/geonautit.fi\/wp-content\/uploads\/2022\/08\/urbanhel_logo-1024x990.jpg 1024w, https:\/\/geonautit.fi\/wp-content\/uploads\/2022\/08\/urbanhel_logo-768x743.jpg 768w, https:\/\/geonautit.fi\/wp-content\/uploads\/2022\/08\/urbanhel_logo-1536x1485.jpg 1536w, https:\/\/geonautit.fi\/wp-content\/uploads\/2022\/08\/urbanhel_logo-2048x1981.jpg 2048w, https:\/\/geonautit.fi\/wp-content\/uploads\/2022\/08\/urbanhel_logo-12x12.jpg 12w\" sizes=\"(max-width: 383px) 100vw, 383px\" \/><\/figure>\n<\/div>\n<\/div>\n<\/div>\n<\/div>\n\n\n\n<h1 class=\"wp-block-heading\"><a href=\"https:\/\/geonautit.fi\/en\/urbanhel\/ohjelma\/\">Program<\/a><\/h1>\n\n\n\n<h2 class=\"wp-block-heading\"><a href=\"https:\/\/www.geonautit.fi\/wp-content\/uploads\/2023\/08\/mega_nametags.pdf\" data-type=\"attachment\" data-id=\"851\">Download name tags PDF<\/a> (print yourself)<\/h2>\n\n\n\n<hr class=\"wp-block-separator has-alpha-channel-opacity is-style-wide\"\/>\n\n\n\n<h2 class=\"wp-block-heading\"><a href=\"https:\/\/www.geonautit.fi\/wp-content\/uploads\/2023\/08\/megaesite_english.pdf\" data-type=\"attachment\" data-id=\"856\">Mega leaflet<\/a> (print yourself)<\/h2>\n\n\n\n<p><strong>Please note! Mega Name tags and leaflets are not available as preprinted at UrbanHEL Mega-event.<\/strong><\/p>\n\n\n\n<figure class=\"wp-block-image size-large\"><a href=\"https:\/\/www.geonautit.fi\/wp-content\/uploads\/2023\/08\/megaesite_english.pdf\"><img loading=\"lazy\" decoding=\"async\" width=\"1024\" height=\"726\" src=\"https:\/\/www.geonautit.fi\/wp-content\/uploads\/2023\/08\/megaesite_english_kuva.png\" alt=\"\" class=\"wp-image-857\" srcset=\"\" sizes=\"(max-width: 1024px) 100vw, 1024px\" data-srcset=\"\" \/><\/a><\/figure>\n\n\n\n<hr class=\"wp-block-separator has-alpha-channel-opacity is-style-wide\"\/>\n\n\n\n<h2 class=\"wp-block-heading\">Venue map<\/h2>\n\n\n\n<p><\/p>\n\n\n\n<figure class=\"wp-block-image size-large\"><img loading=\"lazy\" decoding=\"async\" width=\"1024\" height=\"826\" src=\"https:\/\/www.geonautit.fi\/wp-content\/uploads\/2023\/08\/pohjakartta-eng2u.png\" alt=\"\" class=\"wp-image-915\" srcset=\"\" sizes=\"(max-width: 1024px) 100vw, 1024px\" data-srcset=\"\" \/><\/figure>\n\n\n\n<p><\/p>\n\n\n\n<p><strong>General information of the event venue<\/strong><\/p>\n\n\n\n<p>The Kattilahalli is a museum building, which is why it is important that participants in the event follow the event organizer's instructions. Open food containers are not allowed indoors, and preferably not even open coffee cups or other beverages in open containers. Access to Kattilahalli is through the main doors, and exit is through the side doors, so that we can control that the maximum capacity of the venue is not exceeded. Attaching any brochures or advertisements is strictly prohibited. If you want to display something in the event area, please contact the event organizer. The event is entirely smoke-free, and this rule also applies to the outdoor area. <a href=\"https:\/\/geonautit.fi\/en\/turvallinen-tila-jokaiselle\/\" data-type=\"page\" data-id=\"826\">Please also familiarize yourself with the guidelines for creating a safe space at the event.<\/a>.<\/p>\n\n\n\n<p><strong>Schedule<\/strong><\/p>\n\n\n\n<figure class=\"wp-block-table\"><table><tbody><tr><td>When?<\/td><td>What?<\/td><td>Where?<\/td><\/tr><tr><td>10.00<\/td><td>The unveiling of the Mega-Event logbook<\/td><td>Outside (19)<\/td><\/tr><tr><td>10.10<\/td><td><a href=\"https:\/\/geonautit.fi\/en\/urbanhel\/ohjelma\/geokatkokierrokset-lahtoajat\/\" data-type=\"page\" data-id=\"818\">Start of the geocaching tour I<\/a><\/td><td>Outside (23)<\/td><\/tr><tr><td>10.40<\/td><td>Dance with Signal the Frog<\/td><td>Stage (20)<\/td><\/tr><tr><td>11.00<\/td><td>Lackey interview<\/td><td>Stage (20)<\/td><\/tr><tr><td>11.00<\/td><td><a href=\"https:\/\/geonautit.fi\/en\/urbanhel\/ohjelma\/geokatkokierrokset-lahtoajat\/\">Start of the geocaching tour II<\/a><\/td><td>Outside (23)<\/td><\/tr><tr><td>12.00<\/td><td><a href=\"https:\/\/geonautit.fi\/en\/urbanhel\/ohjelma\/geotaitokisa\/\" data-type=\"page\" data-id=\"710\">The award ceremony of the geoskills competition I<\/a><\/td><td>Stage (20)<\/td><\/tr><tr><td>12.00<\/td><td><a href=\"https:\/\/geonautit.fi\/en\/urbanhel\/ohjelma\/geokatkokierrokset-lahtoajat\/\">Start of the geocaching tour III<\/a><\/td><td>Outside (23)<\/td><\/tr><tr><td>12.40<\/td><td>Dance with Signal the Frog<\/td><td>Stage (20)<\/td><\/tr><tr><td>13.00<\/td><td>The unveiling of the book 'Geo Detectives and the Mega Cache' and an interview with Johanna Hulkko (in Finnish)<\/td><td>Stage (20)<\/td><\/tr><tr><td>13.00<\/td><td><a href=\"https:\/\/geonautit.fi\/en\/urbanhel\/ohjelma\/geokatkokierrokset-lahtoajat\/\">Start of the geocaching tour IV<\/a><\/td><td>Outside (23)<\/td><\/tr><tr><td>13.45<\/td><td><a href=\"https:\/\/geonautit.fi\/en\/urbanhel\/ohjelma\/geotaitokisa\/\" data-type=\"page\" data-id=\"710\">The award ceremony of the geoskills competition II<\/a><\/td><td>Stage (20)<\/td><\/tr><tr><td>14.00<\/td><td><a href=\"https:\/\/geonautit.fi\/en\/urbanhel\/ohjelma\/geokatkokierrokset-lahtoajat\/\">Start of the geocaching tour V<\/a><\/td><td>Outside (23)<\/td><\/tr><tr><td>14.40<\/td><td>Dance with Signal the Frog<\/td><td>Stage (20)<\/td><\/tr><tr><td>15.00<\/td><td><a href=\"https:\/\/geonautit.fi\/en\/urbanhel\/ohjelma\/geokatkokierrokset-lahtoajat\/\">Start of the geocaching tour VI<\/a><\/td><td>Outside (23)<\/td><\/tr><tr><td>15.30<\/td><td><a href=\"https:\/\/geonautit.fi\/en\/urbanhel\/ohjelma\/geotaitokisa\/\" data-type=\"page\" data-id=\"710\">The award ceremony of the geoskills competition III<\/a><\/td><td>Stage (20)<\/td><\/tr><tr><td>16.40<\/td><td>Dance with Signal the Frog<\/td><td>Stage (20)<\/td><\/tr><tr><td>17.15<\/td><td><a href=\"https:\/\/geonautit.fi\/en\/urbanhel\/ohjelma\/geotaitokisa\/\" data-type=\"page\" data-id=\"710\">The award ceremony of the geoskills competition IV<\/a><\/td><td>Stage (20)<\/td><\/tr><\/tbody><\/table><\/figure>\n\n\n\n<p><\/p>\n\n\n\n<p><strong>Table for travelers<\/strong><\/p>\n\n\n\n<p>Beside the event information table, there is a dedicated table for Travel Bugs, geocoins, and other travelers. You can place your own Travel Bugs for discovery or leave travelers you have taken from a cache on the table for exchange. The table is divided into two sections: those for discovery and those for exchangeable travelers. The travelers for discovery are owned by geocachers and are not meant to be taken from cache to cache. You can log them as discovered at the event, but you are not allowed to take them with you. Exchangeable travelers function the same way as they do on caches. You can drop off a traveler on the table, from where it will continue its journey with someone else. Similarly, you can pick up a traveler from the table to move it to the next cache.<\/p>\n\n\n\n<p><strong>Trash<\/strong><\/p>\n\n\n\n<p>At the event area, indoors, there is one waste bin for general and mixed waste, with labels indicating the types of trash that can be placed in them. Larger waste bins can be found outside next to the dining tent, where there are recycling points for energy waste, organic waste, cardboard, and plastic. Please ensure that you dispose of trash in the correct bins so that they can be recycled!<\/p>\n\n\n\n<p><strong>The logbook for kids<\/strong><\/p>\n\n\n\n<p>In the kid\u2019s logbook, the youngest members of the family get to engage in street art by drawing pictures with sidewalk chalk. Children are also welcome to write their names in the Mega-Event logbook, and adults are allowed to participate in chalk artistry. As long as adults don't get too carried away with drawing, ensuring that there is space for children to work with the chalk.<\/p>\n\n\n\n<p><strong>Dining tent<\/strong><\/p>\n\n\n\n<p>The dining tent is freely available for event participants to enjoy their meals. Please consider others and avoid lingering in the tent after you have finished eating, as space is limited.<\/p>\n\n\n\n<p><\/p>\n\n\n\n<p class=\"has-text-align-left has-medium-font-size\">You can check the nearest caches around Kattilahalli from <a rel=\"noreferrer noopener\" href=\"https:\/\/www.geocaching.com\/play\/map?lat=60.1866&amp;lng=24.9697&amp;zoom=14&amp;asc=true&amp;sort=distance&amp;st=N+60+11.197+E+24+58.184&amp;ot=coords\" target=\"_blank\">here<\/a>.<\/p>\n\n\n\n<hr class=\"wp-block-separator has-alpha-channel-opacity is-style-wide\"\/>\n\n\n\n<div class=\"wp-block-columns is-layout-flex wp-container-core-columns-is-layout-3 wp-block-columns-is-layout-flex\">\n<div class=\"wp-block-column is-layout-flow wp-block-column-is-layout-flow\">\n<p class=\"has-medium-font-size\">Follow us on social media:<\/p>\n<\/div>\n\n\n\n<div class=\"wp-block-column is-layout-flow wp-block-column-is-layout-flow\">\n<ul class=\"wp-block-social-links is-layout-flex wp-block-social-links-is-layout-flex\"><li class=\"wp-social-link wp-social-link-facebook  wp-block-social-link\"><a href=\"https:\/\/www.facebook.com\/urbanhel\" class=\"wp-block-social-link-anchor\"><svg width=\"24\" height=\"24\" viewbox=\"0 0 24 24\" version=\"1.1\" xmlns=\"http:\/\/www.w3.org\/2000\/svg\" aria-hidden=\"true\" focusable=\"false\"><path d=\"M12 2C6.5 2 2 6.5 2 12c0 5 3.7 9.1 8.4 9.9v-7H7.9V12h2.5V9.8c0-2.5 1.5-3.9 3.8-3.9 1.1 0 2.2.2 2.2.2v2.5h-1.3c-1.2 0-1.6.8-1.6 1.6V12h2.8l-.4 2.9h-2.3v7C18.3 21.1 22 17 22 12c0-5.5-4.5-10-10-10z\"><\/path><\/svg><span class=\"wp-block-social-link-label screen-reader-text\">Facebook<\/span><\/a><\/li>\n\n<li class=\"wp-social-link wp-social-link-instagram  wp-block-social-link\"><a href=\"https:\/\/www.instagram.com\/urbanhel2023\" class=\"wp-block-social-link-anchor\"><svg width=\"24\" height=\"24\" viewbox=\"0 0 24 24\" version=\"1.1\" xmlns=\"http:\/\/www.w3.org\/2000\/svg\" aria-hidden=\"true\" focusable=\"false\"><path d=\"M12,4.622c2.403,0,2.688,0.009,3.637,0.052c0.877,0.04,1.354,0.187,1.671,0.31c0.42,0.163,0.72,0.358,1.035,0.673 c0.315,0.315,0.51,0.615,0.673,1.035c0.123,0.317,0.27,0.794,0.31,1.671c0.043,0.949,0.052,1.234,0.052,3.637 s-0.009,2.688-0.052,3.637c-0.04,0.877-0.187,1.354-0.31,1.671c-0.163,0.42-0.358,0.72-0.673,1.035 c-0.315,0.315-0.615,0.51-1.035,0.673c-0.317,0.123-0.794,0.27-1.671,0.31c-0.949,0.043-1.233,0.052-3.637,0.052 s-2.688-0.009-3.637-0.052c-0.877-0.04-1.354-0.187-1.671-0.31c-0.42-0.163-0.72-0.358-1.035-0.673 c-0.315-0.315-0.51-0.615-0.673-1.035c-0.123-0.317-0.27-0.794-0.31-1.671C4.631,14.688,4.622,14.403,4.622,12 s0.009-2.688,0.052-3.637c0.04-0.877,0.187-1.354,0.31-1.671c0.163-0.42,0.358-0.72,0.673-1.035 c0.315-0.315,0.615-0.51,1.035-0.673c0.317-0.123,0.794-0.27,1.671-0.31C9.312,4.631,9.597,4.622,12,4.622 M12,3 C9.556,3,9.249,3.01,8.289,3.054C7.331,3.098,6.677,3.25,6.105,3.472C5.513,3.702,5.011,4.01,4.511,4.511 c-0.5,0.5-0.808,1.002-1.038,1.594C3.25,6.677,3.098,7.331,3.054,8.289C3.01,9.249,3,9.556,3,12c0,2.444,0.01,2.751,0.054,3.711 c0.044,0.958,0.196,1.612,0.418,2.185c0.23,0.592,0.538,1.094,1.038,1.594c0.5,0.5,1.002,0.808,1.594,1.038 c0.572,0.222,1.227,0.375,2.185,0.418C9.249,20.99,9.556,21,12,21s2.751-0.01,3.711-0.054c0.958-0.044,1.612-0.196,2.185-0.418 c0.592-0.23,1.094-0.538,1.594-1.038c0.5-0.5,0.808-1.002,1.038-1.594c0.222-0.572,0.375-1.227,0.418-2.185 C20.99,14.751,21,14.444,21,12s-0.01-2.751-0.054-3.711c-0.044-0.958-0.196-1.612-0.418-2.185c-0.23-0.592-0.538-1.094-1.038-1.594 c-0.5-0.5-1.002-0.808-1.594-1.038c-0.572-0.222-1.227-0.375-2.185-0.418C14.751,3.01,14.444,3,12,3L12,3z M12,7.378 c-2.552,0-4.622,2.069-4.622,4.622S9.448,16.622,12,16.622s4.622-2.069,4.622-4.622S14.552,7.378,12,7.378z M12,15 c-1.657,0-3-1.343-3-3s1.343-3,3-3s3,1.343,3,3S13.657,15,12,15z M16.804,6.116c-0.596,0-1.08,0.484-1.08,1.08 s0.484,1.08,1.08,1.08c0.596,0,1.08-0.484,1.08-1.08S17.401,6.116,16.804,6.116z\"><\/path><\/svg><span class=\"wp-block-social-link-label screen-reader-text\">Instagram<\/span><\/a><\/li>\n\n<li class=\"wp-social-link wp-social-link-chain  wp-block-social-link\"><a href=\"https:\/\/www.geocaching.com\/geocache\/GC9MZMA_urbanhel\" class=\"wp-block-social-link-anchor\"><svg width=\"24\" height=\"24\" viewbox=\"0 0 24 24\" version=\"1.1\" xmlns=\"http:\/\/www.w3.org\/2000\/svg\" aria-hidden=\"true\" focusable=\"false\"><path d=\"M15.6,7.2H14v1.5h1.6c2,0,3.7,1.7,3.7,3.7s-1.7,3.7-3.7,3.7H14v1.5h1.6c2.8,0,5.2-2.3,5.2-5.2,0-2.9-2.3-5.2-5.2-5.2zM4.7,12.4c0-2,1.7-3.7,3.7-3.7H10V7.2H8.4c-2.9,0-5.2,2.3-5.2,5.2,0,2.9,2.3,5.2,5.2,5.2H10v-1.5H8.4c-2,0-3.7-1.7-3.7-3.7zm4.6.9h5.3v-1.5H9.3v1.5z\"><\/path><\/svg><span class=\"wp-block-social-link-label screen-reader-text\">Link<\/span><\/a><\/li><\/ul>\n<\/div>\n<\/div>\n\n\n\n<p><\/p>\n\n\n\n<hr class=\"wp-block-separator has-css-opacity is-style-wide\"\/>\n<\/div><\/div>","protected":false},"excerpt":{"rendered":"<p>UrbanHEL 2023 [GC9MZMA] P\u00e4\u00e4kaupunkiseudun ensimm\u00e4inen Mega-tapahtuma pidettiin lauantaina 26.8.2023 Tapahtumapaikkana toimi Kattilahalli, Suvilahti Kiitokset kaikille UrbanHEL 2023 &#8211; Mega -tapahtumaan osallistuneille. Annathan j\u00e4rjest\u00e4jille palautetta tapahtumasta. \u00a0\u00a0 Ohjelma Lataa name tag pohja (itse tulostettava) Tapahtumaesite (itse tulostettava) Huom! Name tageja ja tapahtumaesitett\u00e4 ei ole saatavana tulosteena tapahtumapaikalta. Pohjakartta Yleist\u00e4 tietoa tapahtuma-alueesta Kattilahalli on museorakennus, jonka vuoksi [&hellip;]<\/p>","protected":false},"author":2,"featured_media":0,"parent":0,"menu_order":4,"comment_status":"closed","ping_status":"closed","template":"","meta":{"site-sidebar-layout":"default","site-content-layout":"","ast-site-content-layout":"default","site-content-style":"default","site-sidebar-style":"default","ast-global-header-display":"","ast-banner-title-visibility":"","ast-main-header-display":"","ast-hfb-above-header-display":"","ast-hfb-below-header-display":"","ast-hfb-mobile-header-display":"","site-post-title":"disabled","ast-breadcrumbs-content":"","ast-featured-img":"","footer-sml-layout":"","theme-transparent-header-meta":"","adv-header-id-meta":"","stick-header-meta":"","header-above-stick-meta":"","header-main-stick-meta":"","header-below-stick-meta":"","astra-migrate-meta-layouts":"set","ast-page-background-enabled":"default","ast-page-background-meta":{"desktop":{"background-color":"","background-image":"","background-repeat":"repeat","background-position":"center center","background-size":"auto","background-attachment":"scroll","background-type":"","background-media":"","overlay-type":"","overlay-color":"","overlay-opacity":"","overlay-gradient":""},"tablet":{"background-color":"","background-image":"","background-repeat":"repeat","background-position":"center center","background-size":"auto","background-attachment":"scroll","background-type":"","background-media":"","overlay-type":"","overlay-color":"","overlay-opacity":"","overlay-gradient":""},"mobile":{"background-color":"","background-image":"","background-repeat":"repeat","background-position":"center center","background-size":"auto","background-attachment":"scroll","background-type":"","background-media":"","overlay-type":"","overlay-color":"","overlay-opacity":"","overlay-gradient":""}},"ast-content-background-meta":{"desktop":{"background-color":"var(--ast-global-color-5)","background-image":"","background-repeat":"repeat","background-position":"center center","background-size":"auto","background-attachment":"scroll","background-type":"","background-media":"","overlay-type":"","overlay-color":"","overlay-opacity":"","overlay-gradient":""},"tablet":{"background-color":"var(--ast-global-color-5)","background-image":"","background-repeat":"repeat","background-position":"center center","background-size":"auto","background-attachment":"scroll","background-type":"","background-media":"","overlay-type":"","overlay-color":"","overlay-opacity":"","overlay-gradient":""},"mobile":{"background-color":"var(--ast-global-color-5)","background-image":"","background-repeat":"repeat","background-position":"center center","background-size":"auto","background-attachment":"scroll","background-type":"","background-media":"","overlay-type":"","overlay-color":"","overlay-opacity":"","overlay-gradient":""}},"footnotes":""},"class_list":["post-136","page","type-page","status-publish","hentry"],"_links":{"self":[{"href":"https:\/\/geonautit.fi\/en\/wp-json\/wp\/v2\/pages\/136"}],"collection":[{"href":"https:\/\/geonautit.fi\/en\/wp-json\/wp\/v2\/pages"}],"about":[{"href":"https:\/\/geonautit.fi\/en\/wp-json\/wp\/v2\/types\/page"}],"author":[{"embeddable":true,"href":"https:\/\/geonautit.fi\/en\/wp-json\/wp\/v2\/users\/2"}],"replies":[{"embeddable":true,"href":"https:\/\/geonautit.fi\/en\/wp-json\/wp\/v2\/comments?post=136"}],"version-history":[{"count":118,"href":"https:\/\/geonautit.fi\/en\/wp-json\/wp\/v2\/pages\/136\/revisions"}],"predecessor-version":[{"id":959,"href":"https:\/\/geonautit.fi\/en\/wp-json\/wp\/v2\/pages\/136\/revisions\/959"}],"wp:attachment":[{"href":"https:\/\/geonautit.fi\/en\/wp-json\/wp\/v2\/media?parent=136"}],"curies":[{"name":"wp","href":"https:\/\/api.w.org\/{rel}","templated":true}]}}