{"id":10,"date":"2021-06-15T12:53:16","date_gmt":"2021-06-15T12:53:16","guid":{"rendered":"http:\/\/www.geonautit.fi\/?page_id=10"},"modified":"2025-09-10T06:13:22","modified_gmt":"2025-09-10T06:13:22","slug":"geonautit-ry","status":"publish","type":"page","link":"https:\/\/geonautit.fi\/en\/","title":{"rendered":"Geonautit ry"},"content":{"rendered":"<figure class=\"wp-block-image size-medium is-style-default\"><img loading=\"lazy\" decoding=\"async\" width=\"300\" height=\"195\" src=\"https:\/\/www.geonautit.fi\/wp-content\/uploads\/2021\/06\/geonautit_logo-300x195.png\" alt=\"Geonautit ry\" class=\"wp-image-40\" title=\"Geonautit ry\" srcset=\"https:\/\/geonautit.fi\/wp-content\/uploads\/2021\/06\/geonautit_logo-300x195.png 300w, https:\/\/geonautit.fi\/wp-content\/uploads\/2021\/06\/geonautit_logo-1024x665.png 1024w, https:\/\/geonautit.fi\/wp-content\/uploads\/2021\/06\/geonautit_logo-768x499.png 768w, https:\/\/geonautit.fi\/wp-content\/uploads\/2021\/06\/geonautit_logo-18x12.png 18w, https:\/\/geonautit.fi\/wp-content\/uploads\/2021\/06\/geonautit_logo-200x130.png 200w, https:\/\/geonautit.fi\/wp-content\/uploads\/2021\/06\/geonautit_logo.png 1131w\" sizes=\"(max-width: 300px) 100vw, 300px\" \/><\/figure>\n\n\n\n<p><\/p>\n\n\n\n<p>Geonautit on Suomen Ladun j\u00e4senyhdistys ja latualueena on Uudenmaan latualue. Vaikka Uusimaa onkin merkattu meid\u00e4n kotipaikaksi niin toimimme koko Suomessa ja j\u00e4seni\u00e4 meill\u00e4 on ymp\u00e4ri Suomea. Meid\u00e4n tavoite on edist\u00e4\u00e4 geok\u00e4tk\u00f6ily\u00e4 Suomessa mm. j\u00e4rjest\u00e4m\u00e4ll\u00e4 geok\u00e4tk\u00f6ilytapahtumia, auttamalla muita yhdistyksi\u00e4, vet\u00e4m\u00e4ll\u00e4 kursseja jne.<\/p>\n\n\n\n<figure class=\"wp-block-embed is-type-video is-provider-youtube wp-block-embed-youtube wp-embed-aspect-16-9 wp-has-aspect-ratio\"><div class=\"wp-block-embed__wrapper\">\n<div class=\"ast-oembed-container\" style=\"height: 100%;\"><iframe loading=\"lazy\" title=\"Geok\u00e4tk\u00f6ily on hauska harrastus\" width=\"500\" height=\"281\" src=\"https:\/\/www.youtube.com\/embed\/40cvnOz3Yd0?feature=oembed\" frameborder=\"0\" allow=\"accelerometer; autoplay; clipboard-write; encrypted-media; gyroscope; picture-in-picture; web-share\" referrerpolicy=\"strict-origin-when-cross-origin\" allowfullscreen><\/iframe><\/div>\n<\/div><\/figure>\n\n\n\n<h2 class=\"wp-block-heading\">What is geocaching?<\/h2>\n\n\n\n<p>Geok\u00e4tk\u00f6ily on maailmanlaajuinen harrastus, jossa k\u00e4ytet\u00e4\u00e4n hyv\u00e4ksi satelliittipaikannusta, joten tarvitset puhelimen, jossa on GPS-paikannin tai erillisen GPS-paikantimen. Geok\u00e4tk\u00f6ily\u00e4 voi harrastaa jokainen. Geok\u00e4tk\u00f6ily on monipuolista: voit etsi\u00e4 k\u00e4tk\u00f6j\u00e4 yksin tai yst\u00e4vien kanssa, jokainen k\u00e4tk\u00f6 on omanlaisensa ja voit piilottaa my\u00f6s itse uusia geok\u00e4tk\u00f6j\u00e4.<\/p>\n\n\n\n<p>Geok\u00e4tk\u00f6ily on my\u00f6s oiva liikuntamuoto (mik\u00e4li niin itse haluat) ja voit itse valita liikkumisen m\u00e4\u00e4r\u00e4n. K\u00e4tk\u00f6j\u00e4 sijaitsee niin kaupungissa kuin retkeilyalueilla, normaaleita tienvarsi- ja maastok\u00e4tk\u00f6j\u00e4 unohtamatta.<\/p>\n\n\n\n<p>Geok\u00e4tk\u00f6t ovat piilotettu muiden harrastajien toimesta. Geok\u00e4tk\u00f6ilij\u00e4 piilottaa rasian, jossa on lokikirja, k\u00e4tk\u00f6tiedote, kyn\u00e4 ja mahdollisesti jotain mukavaa vaihtotavaraa. H\u00e4n m\u00e4\u00e4ritt\u00e4\u00e4 piilon sijainnin satelliittipaikantimella ja julkaisee internetiss\u00e4 k\u00e4tk\u00f6n koordinaatit sek\u00e4 muita vihjeit\u00e4. K\u00e4tk\u00f6jen kuvaukset ovat geok\u00e4tk\u00f6ilyn kansainv\u00e4lisell\u00e4 sivulla <a rel=\"noreferrer noopener\" href=\"http:\/\/www.geocaching.com\" target=\"_blank\">http:\/\/www.geocaching.com<\/a>. Muut harrastajat voivat sitten etsi\u00e4 k\u00e4tk\u00f6n.<\/p>\n\n\n\n<h2 class=\"wp-block-heading\">Hy\u00f6dyllisi\u00e4 linkkej\u00e4<\/h2>\n\n\n\n<ul class=\"wp-block-list\">\n<li><a href=\"https:\/\/www.geocache.fi\" target=\"_blank\" rel=\"noreferrer noopener\">Geocache.fi<\/a><\/li>\n\n\n\n<li><a href=\"https:\/\/6123tampere.com\" target=\"_blank\" rel=\"noreferrer noopener\">6123tampere.com<\/a><\/li>\n\n\n\n<li><a href=\"https:\/\/www.geocaching.com\" target=\"_blank\" rel=\"noreferrer noopener\">Geocaching.com<\/a><\/li>\n<\/ul>","protected":false},"excerpt":{"rendered":"<p>Geonautit on Suomen Ladun j\u00e4senyhdistys ja latualueena on Uudenmaan latualue. Vaikka Uusimaa onkin merkattu meid\u00e4n kotipaikaksi niin toimimme koko Suomessa ja j\u00e4seni\u00e4 meill\u00e4 on ymp\u00e4ri Suomea. Meid\u00e4n tavoite on edist\u00e4\u00e4 geok\u00e4tk\u00f6ily\u00e4 Suomessa mm. j\u00e4rjest\u00e4m\u00e4ll\u00e4 geok\u00e4tk\u00f6ilytapahtumia, auttamalla muita yhdistyksi\u00e4, vet\u00e4m\u00e4ll\u00e4 kursseja jne. Mit\u00e4 geok\u00e4tk\u00f6ily on? Geok\u00e4tk\u00f6ily on maailmanlaajuinen harrastus, jossa k\u00e4ytet\u00e4\u00e4n hyv\u00e4ksi satelliittipaikannusta, joten tarvitset puhelimen, [&hellip;]<\/p>","protected":false},"author":1,"featured_media":0,"parent":0,"menu_order":1,"comment_status":"closed","ping_status":"closed","template":"","meta":{"site-sidebar-layout":"default","site-content-layout":"default","ast-site-content-layout":"default","site-content-style":"default","site-sidebar-style":"default","ast-global-header-display":"","ast-banner-title-visibility":"","ast-main-header-display":"","ast-hfb-above-header-display":"","ast-hfb-below-header-display":"","ast-hfb-mobile-header-display":"","site-post-title":"","ast-breadcrumbs-content":"","ast-featured-img":"","footer-sml-layout":"","theme-transparent-header-meta":"default","adv-header-id-meta":"","stick-header-meta":"","header-above-stick-meta":"","header-main-stick-meta":"","header-below-stick-meta":"","astra-migrate-meta-layouts":"set","ast-page-background-enabled":"default","ast-page-background-meta":{"desktop":{"background-color":"","background-image":"","background-repeat":"repeat","background-position":"center center","background-size":"auto","background-attachment":"scroll","background-type":"","background-media":"","overlay-type":"","overlay-color":"","overlay-opacity":"","overlay-gradient":""},"tablet":{"background-color":"","background-image":"","background-repeat":"repeat","background-position":"center center","background-size":"auto","background-attachment":"scroll","background-type":"","background-media":"","overlay-type":"","overlay-color":"","overlay-opacity":"","overlay-gradient":""},"mobile":{"background-color":"","background-image":"","background-repeat":"repeat","background-position":"center center","background-size":"auto","background-attachment":"scroll","background-type":"","background-media":"","overlay-type":"","overlay-color":"","overlay-opacity":"","overlay-gradient":""}},"ast-content-background-meta":{"desktop":{"background-color":"var(--ast-global-color-5)","background-image":"","background-repeat":"repeat","background-position":"center center","background-size":"auto","background-attachment":"scroll","background-type":"","background-media":"","overlay-type":"","overlay-color":"","overlay-opacity":"","overlay-gradient":""},"tablet":{"background-color":"var(--ast-global-color-5)","background-image":"","background-repeat":"repeat","background-position":"center center","background-size":"auto","background-attachment":"scroll","background-type":"","background-media":"","overlay-type":"","overlay-color":"","overlay-opacity":"","overlay-gradient":""},"mobile":{"background-color":"var(--ast-global-color-5)","background-image":"","background-repeat":"repeat","background-position":"center center","background-size":"auto","background-attachment":"scroll","background-type":"","background-media":"","overlay-type":"","overlay-color":"","overlay-opacity":"","overlay-gradient":""}},"footnotes":""},"class_list":["post-10","page","type-page","status-publish","hentry"],"_links":{"self":[{"href":"https:\/\/geonautit.fi\/en\/wp-json\/wp\/v2\/pages\/10"}],"collection":[{"href":"https:\/\/geonautit.fi\/en\/wp-json\/wp\/v2\/pages"}],"about":[{"href":"https:\/\/geonautit.fi\/en\/wp-json\/wp\/v2\/types\/page"}],"author":[{"embeddable":true,"href":"https:\/\/geonautit.fi\/en\/wp-json\/wp\/v2\/users\/1"}],"replies":[{"embeddable":true,"href":"https:\/\/geonautit.fi\/en\/wp-json\/wp\/v2\/comments?post=10"}],"version-history":[{"count":8,"href":"https:\/\/geonautit.fi\/en\/wp-json\/wp\/v2\/pages\/10\/revisions"}],"predecessor-version":[{"id":1018,"href":"https:\/\/geonautit.fi\/en\/wp-json\/wp\/v2\/pages\/10\/revisions\/1018"}],"wp:attachment":[{"href":"https:\/\/geonautit.fi\/en\/wp-json\/wp\/v2\/media?parent=10"}],"curies":[{"name":"wp","href":"https:\/\/api.w.org\/{rel}","templated":true}]}}